{"id":989,"date":"2018-10-22T13:39:12","date_gmt":"2018-10-22T13:39:12","guid":{"rendered":"http:\/\/cilfa.com.ar\/wp1\/?page_id=989"},"modified":"2024-08-05T20:20:19","modified_gmt":"2024-08-05T20:20:19","slug":"propiedad-intelectual","status":"publish","type":"page","link":"https:\/\/cilfa.org.ar\/wp1\/propiedad-intelectual\/","title":{"rendered":"Propiedad Intelectual"},"content":{"rendered":"<p><div class=\"fusion-fullwidth fullwidth-box fusion-builder-row-1 fusion-parallax-none nonhundred-percent-fullwidth non-hundred-percent-height-scrolling\" style=\"--awb-background-repeat:repeat-y;--awb-border-radius-top-left:0px;--awb-border-radius-top-right:0px;--awb-border-radius-bottom-right:0px;--awb-border-radius-bottom-left:0px;--awb-padding-top:0px;--awb-padding-right:0px;--awb-padding-bottom:0px;--awb-padding-left:0px;--awb-margin-top:0px;--awb-margin-bottom:40px;--awb-background-image:url(&quot;http:\/\/cilfa.org.ar\/wp1\/wp-content\/uploads\/2018\/10\/pixelbackgroundpng.gif&quot;);--awb-flex-wrap:wrap;\" ><div class=\"fusion-builder-row fusion-row\"><div class=\"fusion-layout-column fusion_builder_column fusion-builder-column-0 fusion_builder_column_1_1 1_1 fusion-one-full fusion-column-first fusion-column-last\" style=\"--awb-bg-image:url(&#039;https:\/\/cilfa.org.ar\/wp1\/wp-content\/uploads\/2018\/10\/nueva-barra11jpg.jpg&#039;);--awb-bg-position:center top;--awb-bg-size:cover;--awb-margin-bottom:0px;\" data-scroll-devices=\"small-visibility,medium-visibility,large-visibility\"><div class=\"fusion-column-wrapper fusion-column-has-shadow fusion-flex-column-wrapper-legacy fusion-empty-column-bg-image fusion-column-has-bg-image\" data-bg-url=\"https:\/\/cilfa.org.ar\/wp1\/wp-content\/uploads\/2018\/10\/nueva-barra11jpg.jpg\"><img decoding=\"async\" class=\"fusion-empty-dims-img-placeholder\" aria-label=\"nueva barra11jpg\" src=\"data:image\/svg+xml,%3Csvg%20xmlns%3D%27http%3A%2F%2Fwww.w3.org%2F2000%2Fsvg%27%20width%3D%271200%27%20height%3D%27250%27%20viewBox%3D%270%200%201200%20250%27%3E%3Crect%20width%3D%271200%27%20height%3D%27250%27%20fill-opacity%3D%220%22%2F%3E%3C%2Fsvg%3E\"><div class=\"fusion-clearfix\"><\/div><\/div><\/div><\/div><\/div><div class=\"fusion-fullwidth fullwidth-box fusion-builder-row-2 nonhundred-percent-fullwidth non-hundred-percent-height-scrolling\" style=\"--awb-border-radius-top-left:0px;--awb-border-radius-top-right:0px;--awb-border-radius-bottom-right:0px;--awb-border-radius-bottom-left:0px;--awb-background-color:rgba(219,219,219,0);--awb-flex-wrap:wrap;\" ><div class=\"fusion-builder-row fusion-row\"><div class=\"fusion-layout-column fusion_builder_column fusion-builder-column-1 fusion_builder_column_1_1 1_1 fusion-one-full fusion-column-first fusion-column-last fusion-column-no-min-height\" style=\"--awb-bg-size:cover;\"><div class=\"fusion-column-wrapper fusion-flex-column-wrapper-legacy\"><div class=\"fusion-blog-shortcode fusion-blog-shortcode-1 fusion-blog-archive fusion-blog-layout-medium fusion-blog-pagination\"><div class=\"fusion-posts-container fusion-posts-container-pagination fusion-no-meta-info fusion-blog-rollover\" data-pages=\"1\"><article id=\"blog-1-post-1004\" class=\"fusion-post-medium post-1004 post type-post status-publish format-standard hentry category-propiedad-intelectual\">\n\t<style type=\"text\/css\">\n\t\t\n\t\t\n\t\t\n\t\t\n\t\t\t<\/style>\n\n\n<div class=\"fusion-post-content post-content\"><h2 class=\"blog-shortcode-post-title entry-title\">Programa de las Naciones Unidas para el Desarrollo (PNUD), Guidelines for the examination of patent applications relating to pharmaceuticals\u201d<\/h2><div class=\"fusion-post-content-container\"><div class=\"fusion-fullwidth fullwidth-box fusion-builder-row-2-1 nonhundred-percent-fullwidth non-hundred-percent-height-scrolling\" style=\"--awb-border-radius-top-left:0px;--awb-border-radius-top-right:0px;--awb-border-radius-bottom-right:0px;--awb-border-radius-bottom-left:0px;--awb-flex-wrap:wrap;\" ><div class=\"fusion-builder-row fusion-row\"><div class=\"fusion-layout-column fusion_builder_column fusion-builder-column-2 fusion_builder_column_1_1 1_1 fusion-one-full fusion-column-first fusion-column-last\" style=\"--awb-bg-size:cover;--awb-margin-bottom:0px;\"><div class=\"fusion-column-wrapper fusion-flex-column-wrapper-legacy\"><div class=\"fusion-text fusion-text-1\"><p><strong>Guidelines for the examination of patent applications relating to pharmaceuticals.<\/strong><br \/><strong>Examining Pharmaceutical Patents from a Public Health Perspective<\/strong><br \/><strong>Carlos Correa<\/strong><\/p>\n<p>This document represents a follow-up to an earlier document, Guidelines for the Examination of Pharmaceutical Patents: Developing a Public Health Perspective, which was published in 2007 as a working paper by the International Centre for Trade and Sustainable Development (ICTSD), the United Nations Conference on Trade and Development (UNCTAD) and the World Health Organization (WHO).[&#8230;]<\/p>\n<\/div><div class=\"fusion-text fusion-text-2\"><p><div class=\"fusion-fa-align-left\"><i class=\"fb-icon-element-1 fb-icon-element fontawesome-icon fa fa-cloud-download circle-yes\" style=\"--awb-circlecolor:#4fc3f7;--awb-circlecolor-hover:#4fc3f7;--awb-circlebordercolor:#4fc3f7;--awb-circlebordercolor-hover:#4fc3f7;--awb-circlebordersize:1px;--awb-font-size:14.08px;--awb-width:28.16px;--awb-height:28.16px;--awb-line-height:26.16px;--awb-margin-right:10px;\"><\/i><\/div> <a href=\"..\/wp-content\/uploads\/2018\/10\/UNDP_patents_final_web_3.pdf\" target=\"_blank\" rel=\"noopener noreferrer\">DESCARGAR EL DOCUMENTO \/ PDF &#8211; DISPONIBLE EN INGLES<\/a><\/p>\n<\/div><div class=\"fusion-clearfix\"><\/div><\/div><\/div><\/div><\/div>\n<\/div><\/div><div class=\"fusion-clearfix\"><\/div><\/article>\n<article id=\"blog-1-post-1078\" class=\"fusion-post-medium post-1078 post type-post status-publish format-standard hentry category-propiedad-intelectual\">\n\t<style type=\"text\/css\">\n\t\t\n\t\t\n\t\t\n\t\t\n\t\t\t<\/style>\n\n\n<div class=\"fusion-post-content post-content\"><h2 class=\"blog-shortcode-post-title entry-title\">\u201dAcuerdo de Comercio Mercosur \u2013 Uni\u00f3n Europea: Impacto Sobre el Gasto en Medicamentos Adquiridos en Farmacias y por PAMI en Argentina\u201d, Fundaci\u00f3n de Investigaciones Econ\u00f3micas Latinoamericanas (FIEL)<\/h2><div class=\"fusion-post-content-container\"><div class=\"fusion-fullwidth fullwidth-box fusion-builder-row-2-2 nonhundred-percent-fullwidth non-hundred-percent-height-scrolling\" style=\"--awb-border-radius-top-left:0px;--awb-border-radius-top-right:0px;--awb-border-radius-bottom-right:0px;--awb-border-radius-bottom-left:0px;--awb-flex-wrap:wrap;\" ><div class=\"fusion-builder-row fusion-row\"><div class=\"fusion-layout-column fusion_builder_column fusion-builder-column-3 fusion_builder_column_1_1 1_1 fusion-one-full fusion-column-first fusion-column-last\" style=\"--awb-bg-size:cover;--awb-margin-bottom:0px;\"><div class=\"fusion-column-wrapper fusion-flex-column-wrapper-legacy\"><div class=\"fusion-text fusion-text-3\"><p><strong>Acuerdo de Comercio Mercosur \u2013 Uni\u00f3n Europea: Impacto Sobre el Gasto en Medicamentos Adquiridos en Farmacias y por PAMI en Argentina<\/strong><br \/><strong>FIEL* \/ Enero, 2018<\/strong><\/p>\n<p><strong>Abstract<\/strong><br \/>El Mercosur y la Uni\u00f3n Europea est\u00e1n negociando un tratado de libre comercio entre ambos bloques. Como parte de las negociaciones, la Uni\u00f3n Europea reclama mayor protecci\u00f3n de la propiedad intelectual, incluyendo la protecci\u00f3n suplementaria de patentes farmac\u00e9uticas y la protecci\u00f3n con exclusividad de los datos de prueba exigidos para aprobar la comercializaci\u00f3n de medicamentos. Este documento contiene una estimaci\u00f3n del impacto sobre los precios y gastos en los medicamentos que tendr\u00eda la adopci\u00f3n de tales regulaciones en Argentina. [&#8230;]<\/p>\n<\/div><div class=\"fusion-text fusion-text-4\"><p><div class=\"fusion-fa-align-left\"><i class=\"fb-icon-element-2 fb-icon-element fontawesome-icon fa fa-cloud-download circle-yes\" style=\"--awb-circlecolor:#4fc3f7;--awb-circlecolor-hover:#4fc3f7;--awb-circlebordercolor:#4fc3f7;--awb-circlebordercolor-hover:#4fc3f7;--awb-circlebordersize:1px;--awb-font-size:14.08px;--awb-width:28.16px;--awb-height:28.16px;--awb-line-height:26.16px;--awb-margin-right:10px;\"><\/i><\/div> <a href=\"..\/wp-content\/uploads\/2018\/10\/03.-FIEL-Working-Paper-126-FIEL-protecci\u00f3n-datos-de-prueba-y-extensi\u00f3n-patentes_Enero-2018.pdf\" target=\"_blank\" rel=\"noopener noreferrer\">DESCARGAR EL DOCUMENTO \/ PDF<\/a><\/p>\n<\/div><div class=\"fusion-clearfix\"><\/div><\/div><\/div><\/div><\/div>\n<\/div><\/div><div class=\"fusion-clearfix\"><\/div><\/article>\n<article id=\"blog-1-post-1077\" class=\"fusion-post-medium post-1077 post type-post status-publish format-standard hentry category-propiedad-intelectual\">\n\t<style type=\"text\/css\">\n\t\t\n\t\t\n\t\t\n\t\t\n\t\t\t<\/style>\n\n\n<div class=\"fusion-post-content post-content\"><h2 class=\"blog-shortcode-post-title entry-title\">DECLARACI\u00d3N SOBRE PROTECCI\u00d3N DE PATENTES \/ Soberan\u00eda Regulatoria bajo el ADPIC, Max Planck Institute for Innovation and Competition<\/h2><div class=\"fusion-post-content-container\"><div class=\"fusion-fullwidth fullwidth-box fusion-builder-row-2-3 nonhundred-percent-fullwidth non-hundred-percent-height-scrolling\" style=\"--awb-border-radius-top-left:0px;--awb-border-radius-top-right:0px;--awb-border-radius-bottom-right:0px;--awb-border-radius-bottom-left:0px;--awb-flex-wrap:wrap;\" ><div class=\"fusion-builder-row fusion-row\"><div class=\"fusion-layout-column fusion_builder_column fusion-builder-column-4 fusion_builder_column_1_1 1_1 fusion-one-full fusion-column-first fusion-column-last\" style=\"--awb-bg-size:cover;--awb-margin-bottom:0px;\"><div class=\"fusion-column-wrapper fusion-flex-column-wrapper-legacy\"><div class=\"fusion-text fusion-text-5\"><p><strong>DECLARACI\u00d3N SOBRE PROTECCI\u00d3N DE PATENTES<\/strong><br \/><strong>Soberan\u00eda Regulatoria bajo el ADPIC<\/strong><\/p>\n<p><strong>PREF\u00c1CIO<\/strong><br \/>Trat\u00e1ndose de un marco regulatorio para mercados de innovaci\u00f3n, el sistema de patentes debe ser adaptado tanto al proceso de innovaci\u00f3n, al cual se supone debe servir, as\u00ed como al ambiente de competencia, dentro del cual debe operar. A fin de asegurar un funcionamiento eficiente del sistema de patentes como herramienta de pol\u00edticas para la innovaci\u00f3n, los derechos de patente deben ser definidos, justificados y reconsiderados en forma continua en cuanto a los beneficios y costos socioecon\u00f3micos que genera.[&#8230;]<\/p>\n<\/div><div class=\"fusion-text fusion-text-6\"><p><div class=\"fusion-fa-align-left\"><i class=\"fb-icon-element-3 fb-icon-element fontawesome-icon fa fa-cloud-download circle-yes\" style=\"--awb-circlecolor:#4fc3f7;--awb-circlecolor-hover:#4fc3f7;--awb-circlebordercolor:#4fc3f7;--awb-circlebordercolor-hover:#4fc3f7;--awb-circlebordersize:1px;--awb-font-size:14.08px;--awb-width:28.16px;--awb-height:28.16px;--awb-line-height:26.16px;--awb-margin-right:10px;\"><\/i><\/div> <a href=\"..\/wp-content\/uploads\/2018\/10\/declaration_2015-10-07_espanol.pdf\" target=\"_blank\" rel=\"noopener noreferrer\">DESCARGAR EL DOCUMENTO \/ PDF<\/a><\/p>\n<\/div><div class=\"fusion-clearfix\"><\/div><\/div><\/div><\/div><\/div>\n<\/div><\/div><div class=\"fusion-clearfix\"><\/div><\/article>\n<\/div><\/div><div class=\"fusion-clearfix\"><\/div><\/div><\/div><\/div><\/div><\/p>\n","protected":false},"excerpt":{"rendered":"","protected":false},"author":3,"featured_media":0,"parent":0,"menu_order":0,"comment_status":"closed","ping_status":"closed","template":"100-width.php","meta":{"footnotes":""},"class_list":["post-989","page","type-page","status-publish","hentry"],"_links":{"self":[{"href":"https:\/\/cilfa.org.ar\/wp1\/wp-json\/wp\/v2\/pages\/989","targetHints":{"allow":["GET"]}}],"collection":[{"href":"https:\/\/cilfa.org.ar\/wp1\/wp-json\/wp\/v2\/pages"}],"about":[{"href":"https:\/\/cilfa.org.ar\/wp1\/wp-json\/wp\/v2\/types\/page"}],"author":[{"embeddable":true,"href":"https:\/\/cilfa.org.ar\/wp1\/wp-json\/wp\/v2\/users\/3"}],"replies":[{"embeddable":true,"href":"https:\/\/cilfa.org.ar\/wp1\/wp-json\/wp\/v2\/comments?post=989"}],"version-history":[{"count":0,"href":"https:\/\/cilfa.org.ar\/wp1\/wp-json\/wp\/v2\/pages\/989\/revisions"}],"wp:attachment":[{"href":"https:\/\/cilfa.org.ar\/wp1\/wp-json\/wp\/v2\/media?parent=989"}],"curies":[{"name":"wp","href":"https:\/\/api.w.org\/{rel}","templated":true}]}}