{"id":976,"date":"2018-10-22T13:00:00","date_gmt":"2018-10-22T13:00:00","guid":{"rendered":"http:\/\/cilfa.com.ar\/wp1\/?page_id=976"},"modified":"2021-06-09T16:14:59","modified_gmt":"2021-06-09T16:14:59","slug":"regulaciones-sanitarias","status":"publish","type":"page","link":"https:\/\/cilfa.org.ar\/wp1\/regulaciones-sanitarias\/","title":{"rendered":"Regulaciones Sanitarias"},"content":{"rendered":"<p><div class=\"fusion-fullwidth fullwidth-box fusion-builder-row-1 fusion-parallax-none nonhundred-percent-fullwidth non-hundred-percent-height-scrolling\" style=\"--awb-background-repeat:repeat-y;--awb-border-radius-top-left:0px;--awb-border-radius-top-right:0px;--awb-border-radius-bottom-right:0px;--awb-border-radius-bottom-left:0px;--awb-padding-top:0px;--awb-padding-right:0px;--awb-padding-bottom:0px;--awb-padding-left:0px;--awb-margin-top:0px;--awb-margin-bottom:40px;--awb-background-image:url(&quot;http:\/\/cilfa.org.ar\/wp1\/wp-content\/uploads\/2018\/10\/pixelbackgroundpng.gif&quot;);--awb-flex-wrap:wrap;\" ><div class=\"fusion-builder-row fusion-row\"><div class=\"fusion-layout-column fusion_builder_column fusion-builder-column-0 fusion_builder_column_1_1 1_1 fusion-one-full fusion-column-first fusion-column-last\" style=\"--awb-bg-image:url(&#039;https:\/\/cilfa.org.ar\/wp1\/wp-content\/uploads\/2018\/10\/nueva-barra12.jpg&#039;);--awb-bg-position:center top;--awb-bg-size:cover;--awb-margin-bottom:0px;\"><div class=\"fusion-column-wrapper fusion-column-has-shadow fusion-flex-column-wrapper-legacy fusion-empty-column-bg-image fusion-column-has-bg-image\" data-bg-url=\"https:\/\/cilfa.org.ar\/wp1\/wp-content\/uploads\/2018\/10\/nueva-barra12.jpg\"><img decoding=\"async\" class=\"fusion-empty-dims-img-placeholder\" aria-label=\"nueva barra12\" src=\"data:image\/svg+xml,%3Csvg%20xmlns%3D%27http%3A%2F%2Fwww.w3.org%2F2000%2Fsvg%27%20width%3D%271200%27%20height%3D%27250%27%20viewBox%3D%270%200%201200%20250%27%3E%3Crect%20width%3D%271200%27%20height%3D%27250%27%20fill-opacity%3D%220%22%2F%3E%3C%2Fsvg%3E\"><div class=\"fusion-clearfix\"><\/div><\/div><\/div><\/div><\/div><div class=\"fusion-fullwidth fullwidth-box fusion-builder-row-2 nonhundred-percent-fullwidth non-hundred-percent-height-scrolling\" style=\"--awb-border-radius-top-left:0px;--awb-border-radius-top-right:0px;--awb-border-radius-bottom-right:0px;--awb-border-radius-bottom-left:0px;--awb-background-color:rgba(219,219,219,0);--awb-flex-wrap:wrap;\" ><div class=\"fusion-builder-row fusion-row\"><div class=\"fusion-layout-column fusion_builder_column fusion-builder-column-1 fusion_builder_column_1_1 1_1 fusion-one-full fusion-column-first fusion-column-last fusion-column-no-min-height\" style=\"--awb-bg-size:cover;\"><div class=\"fusion-column-wrapper fusion-flex-column-wrapper-legacy\"><div class=\"fusion-blog-shortcode fusion-blog-shortcode-1 fusion-blog-archive fusion-blog-layout-medium fusion-blog-pagination\"><div class=\"fusion-posts-container fusion-posts-container-pagination fusion-no-meta-info fusion-blog-rollover\" data-pages=\"1\"><article id=\"blog-1-post-1079\" class=\"fusion-post-medium post-1079 post type-post status-publish format-standard hentry category-regulaciones-sanitarias\">\n\t<style type=\"text\/css\">\n\t\t\n\t\t\n\t\t\n\t\t\n\t\t\t<\/style>\n\n\n<div class=\"fusion-post-content post-content\"><h2 class=\"blog-shortcode-post-title entry-title\">Disposici\u00f3n ANMAT 3827\/2018 y su Anexo (Bolet\u00edn Oficial 23.4.2018): aprueba la Gu\u00eda de Buenas Pr\u00e1cticas de Fabricaci\u00f3n para Elaboradores, Importadores \/ Exportadores de Medicamentos de Uso Humano.<\/h2><div class=\"fusion-post-content-container\"><div class=\"fusion-fullwidth fullwidth-box fusion-builder-row-2-1 nonhundred-percent-fullwidth non-hundred-percent-height-scrolling\" style=\"--awb-border-radius-top-left:0px;--awb-border-radius-top-right:0px;--awb-border-radius-bottom-right:0px;--awb-border-radius-bottom-left:0px;--awb-flex-wrap:wrap;\" ><div class=\"fusion-builder-row fusion-row\"><div class=\"fusion-layout-column fusion_builder_column fusion-builder-column-2 fusion_builder_column_1_1 1_1 fusion-one-full fusion-column-first fusion-column-last\" style=\"--awb-bg-size:cover;--awb-margin-bottom:0px;\"><div class=\"fusion-column-wrapper fusion-flex-column-wrapper-legacy\"><div class=\"fusion-text fusion-text-1\"><p><strong>ADMINISTRACI\u00d3N NACIONAL DE MEDICAMENTOS, ALIMENTOS Y TECNOLOG\u00cdA M\u00c9DICA<\/strong><br \/><strong>Disposici\u00f3n 3827\/2018<\/strong><br \/>Ciudad de Buenos Aires, 19\/04\/2018<\/p>\n<p>VISTO la Disposici\u00f3n ANMAT N\u00b0 3602\/2018 y el EX-2018-17197475-APN-ANMAT#MS del Registro de esta ADMINISTRACI\u00d3N NACIONAL DE MEDICAMENTOS, ALIMENTOS Y TECNOLOG\u00cdA M\u00c9DICA; y CONSIDERANDO:<br \/>Que por Disposici\u00f3n ANMAT N\u00b0 3602\/2018 se aprob\u00f3 la \u201cGu\u00eda de Buenas Pr\u00e1cticas de Fabricaci\u00f3n para Elaboradores, Importadores\/Exportadores de Medicamentos de Uso Humano\u201d como Anexo IF-2018-15736371-APN-ANMAT#MS.<br \/>Que se ha advertido que al generarse el referido IF 2018-15736371-APN-ANMAT#MS se han producido errores materiales en Partes y Anexos integrantes del aludido documento. (&#8230;)<\/p>\n<\/div><div class=\"fusion-text fusion-text-2\"><p><div class=\"fusion-fa-align-left\"><i class=\"fb-icon-element-1 fb-icon-element fontawesome-icon fa fa-cloud-download circle-yes\" style=\"--awb-circlecolor:#4fc3f7;--awb-circlecolor-hover:#4fc3f7;--awb-circlebordercolor:#4fc3f7;--awb-circlebordercolor-hover:#4fc3f7;--awb-circlebordersize:1px;--awb-font-size:14.08px;--awb-width:28.16px;--awb-height:28.16px;--awb-line-height:26.16px;--awb-margin-right:10px;\"><\/i><\/div>\n<a href=\"..\/wp-content\/uploads\/2018\/10\/Disp.-ANMAT-3827-23.4.18-Guia-BPF-nueva-versi\u00f3n.pdf\" target=\"_blank\" rel=\"noopener noreferrer\">DESCARGAR LA DISPOSICI\u00d3N \/ PDF<\/a><\/p>\n<p><div class=\"fusion-fa-align-left\"><i class=\"fb-icon-element-2 fb-icon-element fontawesome-icon fa fa-cloud-download circle-yes\" style=\"--awb-circlecolor:#4fc3f7;--awb-circlecolor-hover:#4fc3f7;--awb-circlebordercolor:#4fc3f7;--awb-circlebordercolor-hover:#4fc3f7;--awb-circlebordersize:1px;--awb-font-size:14.08px;--awb-width:28.16px;--awb-height:28.16px;--awb-line-height:26.16px;--awb-margin-right:10px;\"><\/i><\/div>\n<a href=\"..\/wp-content\/uploads\/2018\/10\/Disp.-ANMAT-3827-23.4.18-Guia-BPF-nueva-versi\u00f3n-ANEXO.pdf\" target=\"_blank\" rel=\"noopener noreferrer\">DESCARGAR SU ANEXO \/ PDF<\/a><\/p>\n<\/div><div class=\"fusion-clearfix\"><\/div><\/div><\/div><\/div><\/div>\n<\/div><\/div><div class=\"fusion-clearfix\"><\/div><\/article>\n<article id=\"blog-1-post-1067\" class=\"fusion-post-medium post-1067 post type-post status-publish format-standard hentry category-regulaciones-sanitarias\">\n\t<style type=\"text\/css\">\n\t\t\n\t\t\n\t\t\n\t\t\n\t\t\t<\/style>\n\n\n<div class=\"fusion-post-content post-content\"><h2 class=\"blog-shortcode-post-title entry-title\">Disposici\u00f3n ANMAT 2069\/2018 y su Anexo (Bolet\u00edn Oficial 15.3.2018): aprueba las Buenas Pr\u00e1cticas de Distribuci\u00f3n de Medicamentos.<\/h2><div class=\"fusion-post-content-container\"><div class=\"fusion-fullwidth fullwidth-box fusion-builder-row-2-2 nonhundred-percent-fullwidth non-hundred-percent-height-scrolling\" style=\"--awb-border-radius-top-left:0px;--awb-border-radius-top-right:0px;--awb-border-radius-bottom-right:0px;--awb-border-radius-bottom-left:0px;--awb-flex-wrap:wrap;\" ><div class=\"fusion-builder-row fusion-row\"><div class=\"fusion-layout-column fusion_builder_column fusion-builder-column-3 fusion_builder_column_1_1 1_1 fusion-one-full fusion-column-first fusion-column-last\" style=\"--awb-bg-size:cover;--awb-margin-bottom:0px;\"><div class=\"fusion-column-wrapper fusion-flex-column-wrapper-legacy\"><div class=\"fusion-text fusion-text-3\"><p><strong>ADMINISTRACI\u00d3N NACIONAL DE MEDICAMENTOS, ALIMENTOS Y TECNOLOG\u00cdA M\u00c9DICA<\/strong><br \/><strong>Disposici\u00f3n 2069\/2018<\/strong><br \/>Ciudad de Buenos Aires, 05\/03\/2018<\/p>\n<p>VISTO la Ley 16.463, los Decretos Nros. 9763\/64, 150\/92, 341\/92, 1490\/92, 1299\/97, 1271\/13, la Resoluci\u00f3n del ex MS y AS 538\/98, las Disposiciones ANMAT Nros. 7439\/99, 3475\/2005 y 7038\/15 y sus normas modificatorias y complementarias y el Expediente No 1-47-1110-272-17-1 del Registro de esta ADMINISTRACI\u00d3N NACIONAL DE MEDICAMENTOS, ALIMENTOS Y TECNOLOG\u00cdA M\u00c9DICA; (&#8230;)<\/p>\n<\/div><div class=\"fusion-text fusion-text-4\"><p><div class=\"fusion-fa-align-left\"><i class=\"fb-icon-element-3 fb-icon-element fontawesome-icon fa fa-cloud-download circle-yes\" style=\"--awb-circlecolor:#4fc3f7;--awb-circlecolor-hover:#4fc3f7;--awb-circlebordercolor:#4fc3f7;--awb-circlebordercolor-hover:#4fc3f7;--awb-circlebordersize:1px;--awb-font-size:14.08px;--awb-width:28.16px;--awb-height:28.16px;--awb-line-height:26.16px;--awb-margin-right:10px;\"><\/i><\/div><a href=\"..\/wp-content\/uploads\/2018\/10\/Disp.-ANMAT-2069-15.3.18-BPDistribuci\u00f3n.pdf\" target=\"_blank\" rel=\"noopener noreferrer\">DESCARGAR LA DISPOSICI\u00d3N \/ PDF<\/a><\/p>\n<p><div class=\"fusion-fa-align-left\"><i class=\"fb-icon-element-4 fb-icon-element fontawesome-icon fa fa-cloud-download circle-yes\" style=\"--awb-circlecolor:#4fc3f7;--awb-circlecolor-hover:#4fc3f7;--awb-circlebordercolor:#4fc3f7;--awb-circlebordercolor-hover:#4fc3f7;--awb-circlebordersize:1px;--awb-font-size:14.08px;--awb-width:28.16px;--awb-height:28.16px;--awb-line-height:26.16px;--awb-margin-right:10px;\"><\/i><\/div><a href=\"..\/wp-content\/uploads\/2018\/10\/Disp.-ANMAT-2069-15.3.18-BPDistribuci\u00f3n-Anexo.pdf\" target=\"_blank\" rel=\"noopener noreferrer\">DESCARGAR SU ANEXO \/ PDF<\/a><\/p>\n<\/div><div class=\"fusion-clearfix\"><\/div><\/div><\/div><\/div><\/div>\n<\/div><\/div><div class=\"fusion-clearfix\"><\/div><\/article>\n<article id=\"blog-1-post-984\" class=\"fusion-post-medium post-984 post type-post status-publish format-standard hentry category-regulaciones-sanitarias\">\n\t<style type=\"text\/css\">\n\t\t\n\t\t\n\t\t\n\t\t\n\t\t\t<\/style>\n\n\n<div class=\"fusion-post-content post-content\"><h2 class=\"blog-shortcode-post-title entry-title\">Disposici\u00f3n 8398\/2018. ANMAT &#8211; B.O. 22-08-2108<\/h2><div class=\"fusion-post-content-container\"><div class=\"fusion-fullwidth fullwidth-box fusion-builder-row-2-3 nonhundred-percent-fullwidth non-hundred-percent-height-scrolling\" style=\"--awb-border-radius-top-left:0px;--awb-border-radius-top-right:0px;--awb-border-radius-bottom-right:0px;--awb-border-radius-bottom-left:0px;--awb-flex-wrap:wrap;\" ><div class=\"fusion-builder-row fusion-row\"><div class=\"fusion-layout-column fusion_builder_column fusion-builder-column-4 fusion_builder_column_1_1 1_1 fusion-one-full fusion-column-first fusion-column-last\" style=\"--awb-bg-size:cover;--awb-margin-bottom:0px;\"><div class=\"fusion-column-wrapper fusion-flex-column-wrapper-legacy\"><div class=\"fusion-text fusion-text-5\"><p><strong>ADMINISTRACI\u00d3N NACIONAL DE MEDICAMENTOS, ALIMENTOS Y TECNOLOG\u00cdA M\u00c9DICA<\/strong><br \/>\n<strong>Disposici\u00f3n 8398\/2018. ANMAT. &#8211; B.O. 22-08-2108<\/strong><\/p>\n<p>VISTO la Ley N\u00ba 16.463, sus Decretos Reglamentarios N\u00ba 9763\/64, 150\/92 (texto ordenado 1993), las Disposiciones ANMAT Nros. 3185\/99, 5040\/06, 758\/09, 4133\/12, 1918\/13, 2434\/13 y 6766\/16, sus complementarias y modificatorias y el Ex-2018-22595718-APN-ANMAT#MS del Registro de esta Administraci\u00f3n Nacional de Medicamentos, Alimentos y Tecnolog\u00eda M\u00e9dica (&#8230;)<\/p>\n<\/div><div class=\"fusion-text fusion-text-6\"><p><div class=\"fusion-fa-align-left\"><i class=\"fb-icon-element-5 fb-icon-element fontawesome-icon fa fa-cloud-download circle-yes\" style=\"--awb-circlecolor:#4fc3f7;--awb-circlecolor-hover:#4fc3f7;--awb-circlebordercolor:#4fc3f7;--awb-circlebordercolor-hover:#4fc3f7;--awb-circlebordersize:1px;--awb-font-size:14.08px;--awb-width:28.16px;--awb-height:28.16px;--awb-line-height:26.16px;--awb-margin-right:10px;\"><\/i><\/div> <a href=\"..\/wp-content\/uploads\/2018\/10\/Disp.-ANMAT-8398-22-8-18-BE.pdf\" target=\"_blank\" rel=\"noopener noreferrer\">DESCARGAR EL DOCUMENTO \/ PDF<\/a><\/p>\n<\/div><div class=\"fusion-clearfix\"><\/div><\/div><\/div><\/div><\/div>\n<\/div><\/div><div class=\"fusion-clearfix\"><\/div><\/article>\n<article id=\"blog-1-post-979\" class=\"fusion-post-medium post-979 post type-post status-publish format-standard hentry category-regulaciones-sanitarias\">\n\t<style type=\"text\/css\">\n\t\t\n\t\t\n\t\t\n\t\t\n\t\t\t<\/style>\n\n\n<div class=\"fusion-post-content post-content\"><h2 class=\"blog-shortcode-post-title entry-title\">Disposici\u00f3n ANMAT 4622\/2012 &#8211; B.O.  9.8.2012<\/h2><div class=\"fusion-post-content-container\"><div class=\"fusion-fullwidth fullwidth-box fusion-builder-row-2-4 nonhundred-percent-fullwidth non-hundred-percent-height-scrolling\" style=\"--awb-border-radius-top-left:0px;--awb-border-radius-top-right:0px;--awb-border-radius-bottom-right:0px;--awb-border-radius-bottom-left:0px;--awb-flex-wrap:wrap;\" ><div class=\"fusion-builder-row fusion-row\"><div class=\"fusion-layout-column fusion_builder_column fusion-builder-column-5 fusion_builder_column_1_1 1_1 fusion-one-full fusion-column-first fusion-column-last\" style=\"--awb-bg-size:cover;--awb-margin-bottom:0px;\"><div class=\"fusion-column-wrapper fusion-flex-column-wrapper-legacy\"><div class=\"fusion-text fusion-text-7\"><p><strong>Disposici\u00f3n ANMAT 4622\/2012<\/strong><br \/>\n<strong>B.O. 9.8.2012<\/strong><\/p>\n<p>Registro de especialidades medicinales y\/o medicamentos. Cr\u00e9ase la Comisi\u00f3n de Asignaci\u00f3n y Evaluaci\u00f3n de Medicamentos que deban ser inscriptos bajo condiciones especiales.<\/p>\n<\/div><div class=\"fusion-text fusion-text-8\"><p><div class=\"fusion-fa-align-left\"><i class=\"fb-icon-element-6 fb-icon-element fontawesome-icon fa fa-cloud-download circle-yes\" style=\"--awb-circlecolor:#4fc3f7;--awb-circlecolor-hover:#4fc3f7;--awb-circlebordercolor:#4fc3f7;--awb-circlebordercolor-hover:#4fc3f7;--awb-circlebordersize:1px;--awb-font-size:14.08px;--awb-width:28.16px;--awb-height:28.16px;--awb-line-height:26.16px;--awb-margin-right:10px;\"><\/i><\/div> <a href=\"..\/wp-content\/uploads\/2018\/10\/Disp.-ANMAT-4622-09.8.12-Registro-prod-CONDICIONES-ESPECIALES.pdf\" target=\"_blank\" rel=\"noopener noreferrer\">DESCARGAR EL DOCUMENTO \/ PDF<\/a><\/p>\n<\/div><div class=\"fusion-clearfix\"><\/div><\/div><\/div><\/div><\/div>\n<\/div><\/div><div class=\"fusion-clearfix\"><\/div><\/article>\n<\/div><\/div><div class=\"fusion-clearfix\"><\/div><\/div><\/div><\/div><\/div><\/p>\n","protected":false},"excerpt":{"rendered":"","protected":false},"author":3,"featured_media":0,"parent":0,"menu_order":0,"comment_status":"closed","ping_status":"closed","template":"100-width.php","meta":{"footnotes":""},"class_list":["post-976","page","type-page","status-publish","hentry"],"_links":{"self":[{"href":"https:\/\/cilfa.org.ar\/wp1\/wp-json\/wp\/v2\/pages\/976","targetHints":{"allow":["GET"]}}],"collection":[{"href":"https:\/\/cilfa.org.ar\/wp1\/wp-json\/wp\/v2\/pages"}],"about":[{"href":"https:\/\/cilfa.org.ar\/wp1\/wp-json\/wp\/v2\/types\/page"}],"author":[{"embeddable":true,"href":"https:\/\/cilfa.org.ar\/wp1\/wp-json\/wp\/v2\/users\/3"}],"replies":[{"embeddable":true,"href":"https:\/\/cilfa.org.ar\/wp1\/wp-json\/wp\/v2\/comments?post=976"}],"version-history":[{"count":0,"href":"https:\/\/cilfa.org.ar\/wp1\/wp-json\/wp\/v2\/pages\/976\/revisions"}],"wp:attachment":[{"href":"https:\/\/cilfa.org.ar\/wp1\/wp-json\/wp\/v2\/media?parent=976"}],"curies":[{"name":"wp","href":"https:\/\/api.w.org\/{rel}","templated":true}]}}