{"id":512,"date":"2018-08-27T18:35:22","date_gmt":"2018-08-27T18:35:22","guid":{"rendered":"http:\/\/cilfa.com.ar\/wp1\/?page_id=512"},"modified":"2021-06-09T16:08:51","modified_gmt":"2021-06-09T16:08:51","slug":"informacion-del-sector","status":"publish","type":"page","link":"https:\/\/cilfa.org.ar\/wp1\/informacion-del-sector\/","title":{"rendered":"Informaci\u00f3n del sector"},"content":{"rendered":"<p><div class=\"fusion-fullwidth fullwidth-box fusion-builder-row-1 fusion-parallax-none nonhundred-percent-fullwidth non-hundred-percent-height-scrolling\" style=\"--awb-background-repeat:repeat-y;--awb-border-radius-top-left:0px;--awb-border-radius-top-right:0px;--awb-border-radius-bottom-right:0px;--awb-border-radius-bottom-left:0px;--awb-padding-top:0px;--awb-padding-right:0px;--awb-padding-bottom:0px;--awb-padding-left:0px;--awb-margin-top:0px;--awb-margin-bottom:40px;--awb-background-image:url(&quot;http:\/\/cilfa.org.ar\/wp1\/wp-content\/uploads\/2018\/10\/pixelbackgroundpng.gif&quot;);--awb-flex-wrap:wrap;\" ><div class=\"fusion-builder-row fusion-row\"><div class=\"fusion-layout-column fusion_builder_column fusion-builder-column-0 fusion_builder_column_1_1 1_1 fusion-one-full fusion-column-first fusion-column-last\" style=\"--awb-bg-image:url(&#039;https:\/\/cilfa.org.ar\/wp1\/wp-content\/uploads\/2018\/10\/nueva-barra08.jpg&#039;);--awb-bg-position:center top;--awb-bg-size:cover;--awb-margin-bottom:0px;\"><div class=\"fusion-column-wrapper fusion-column-has-shadow fusion-flex-column-wrapper-legacy fusion-empty-column-bg-image fusion-column-has-bg-image\" data-bg-url=\"https:\/\/cilfa.org.ar\/wp1\/wp-content\/uploads\/2018\/10\/nueva-barra08.jpg\"><img decoding=\"async\" class=\"fusion-empty-dims-img-placeholder\" aria-label=\"nueva barra08\" src=\"data:image\/svg+xml,%3Csvg%20xmlns%3D%27http%3A%2F%2Fwww.w3.org%2F2000%2Fsvg%27%20width%3D%271200%27%20height%3D%27250%27%20viewBox%3D%270%200%201200%20250%27%3E%3Crect%20width%3D%271200%27%20height%3D%27250%27%20fill-opacity%3D%220%22%2F%3E%3C%2Fsvg%3E\"><div class=\"fusion-clearfix\"><\/div><\/div><\/div><\/div><\/div><div class=\"fusion-fullwidth fullwidth-box fusion-builder-row-2 nonhundred-percent-fullwidth non-hundred-percent-height-scrolling\" style=\"--awb-border-radius-top-left:0px;--awb-border-radius-top-right:0px;--awb-border-radius-bottom-right:0px;--awb-border-radius-bottom-left:0px;--awb-background-color:rgba(219,219,219,0);--awb-flex-wrap:wrap;\" ><div class=\"fusion-builder-row fusion-row\"><div class=\"fusion-layout-column fusion_builder_column fusion-builder-column-1 fusion_builder_column_1_1 1_1 fusion-one-full fusion-column-first fusion-column-last fusion-column-no-min-height\" style=\"--awb-bg-size:cover;\"><div class=\"fusion-column-wrapper fusion-flex-column-wrapper-legacy\"><div class=\"fusion-blog-shortcode fusion-blog-shortcode-1 fusion-blog-archive fusion-blog-layout-medium fusion-blog-pagination\"><div class=\"fusion-posts-container fusion-posts-container-pagination fusion-no-meta-info fusion-blog-rollover\" data-pages=\"2\"><article id=\"blog-1-post-941\" class=\"fusion-post-medium post-941 post type-post status-publish format-standard hentry category-revista\">\n\t<style type=\"text\/css\">\n\t\t\n\t\t\n\t\t\n\t\t\n\t\t\t<\/style>\n\n\n<div class=\"fusion-post-content post-content\"><h2 class=\"blog-shortcode-post-title entry-title\">La industria farmac\u00e9utica argentina: su car\u00e1cter estrat\u00e9gico y perspectivas.<\/h2><div class=\"fusion-post-content-container\"><div class=\"fusion-fullwidth fullwidth-box fusion-builder-row-2-1 nonhundred-percent-fullwidth non-hundred-percent-height-scrolling\" style=\"--awb-border-radius-top-left:0px;--awb-border-radius-top-right:0px;--awb-border-radius-bottom-right:0px;--awb-border-radius-bottom-left:0px;--awb-flex-wrap:wrap;\" ><div class=\"fusion-builder-row fusion-row\"><div class=\"fusion-layout-column fusion_builder_column fusion-builder-column-2 fusion_builder_column_1_1 1_1 fusion-one-full fusion-column-first fusion-column-last\" style=\"--awb-bg-size:cover;--awb-margin-bottom:0px;\"><div class=\"fusion-column-wrapper fusion-flex-column-wrapper-legacy\"><div class=\"fusion-text fusion-text-1\"><ul>\n<li>A diferencia del resto de los pa\u00edses de la regi\u00f3n, m\u00e1s de la mitad del mercado de medicamentos est\u00e1 abastecido por empresas de capital nacional.<\/li>\n<li>Produce 690 millones de unidades\/a\u00f1o, de los cuales un 68,4% est\u00e1 producido por laboratorios nacionales, quienes han mostrado un crecimiento paulatino de la producci\u00f3n en los \u00faltimos a\u00f1os.<\/li>\n<li>Desarrolla proyectos biotecnol\u00f3gicos y de bioingenier\u00eda vinculados con la salud humana, ocupando personal altamente calificado.<\/li>\n<li>En el 2020 las exportaciones argentinas de medicamentos alcanzaron los USD 715 millones.<\/li>\n<li>La industria tiene un proyecto de crecimiento y expansi\u00f3n de sus actividades en el pa\u00eds y en el mundo, conformando el sector que agrupa mayor cantidad de empresas argentinas con actividades de proyecci\u00f3n internacional.<\/li>\n<\/ul>\n<\/div><div class=\"fusion-text fusion-text-2\"><p><div class=\"fusion-fa-align-left\"><i class=\"fb-icon-element-1 fb-icon-element fontawesome-icon fa fa-cloud-download circle-yes\" style=\"--awb-circlecolor:#4fc3f7;--awb-circlecolor-hover:#4fc3f7;--awb-circlebordercolor:#4fc3f7;--awb-circlebordercolor-hover:#4fc3f7;--awb-circlebordersize:1px;--awb-font-size:14.08px;--awb-width:28.16px;--awb-height:28.16px;--awb-line-height:26.16px;--awb-margin-right:10px;\"><\/i><\/div> <a href=\"https:\/\/cilfa.org.ar\/wp1\/wp-content\/uploads\/2022\/07\/CILFA-La-industria-farmaceutica-argentina-2022.pdf\" target=\"_blank\" rel=\"noopener noreferrer\">DESCARGAR EL DOCUMENTO \/ PDF<\/a><\/p>\n<\/div><div class=\"fusion-clearfix\"><\/div><\/div><\/div><\/div><\/div>\n<\/div><\/div><div class=\"fusion-clearfix\"><\/div><\/article>\n<article id=\"blog-1-post-1581\" class=\"fusion-post-medium post-1581 post type-post status-publish format-standard hentry category-revista\">\n\t<style type=\"text\/css\">\n\t\t\n\t\t\n\t\t\n\t\t\n\t\t\t<\/style>\n\n\n<div class=\"fusion-post-content post-content\"><h2 class=\"blog-shortcode-post-title entry-title\">Escenario y perspectivas de la Industria Farmac\u00e9utica Nacional 2021-2025<\/h2><div class=\"fusion-post-content-container\"><div class=\"fusion-fullwidth fullwidth-box fusion-builder-row-2-2 nonhundred-percent-fullwidth non-hundred-percent-height-scrolling\" style=\"--awb-border-radius-top-left:0px;--awb-border-radius-top-right:0px;--awb-border-radius-bottom-right:0px;--awb-border-radius-bottom-left:0px;--awb-flex-wrap:wrap;\" ><div class=\"fusion-builder-row fusion-row\"><div class=\"fusion-layout-column fusion_builder_column fusion-builder-column-3 fusion_builder_column_1_1 1_1 fusion-one-full fusion-column-first fusion-column-last\" style=\"--awb-bg-size:cover;--awb-margin-bottom:0px;\"><div class=\"fusion-column-wrapper fusion-flex-column-wrapper-legacy\"><div class=\"fusion-text fusion-text-3\"><p>La industria farmac\u00e9utica es un sector considerado estrat\u00e9gico por las pol\u00edticas nacionales de la gran mayor\u00eda de los pa\u00edses desarrollados. Ello es as\u00ed por razones que se vinculan a la generaci\u00f3n de conocimiento cient\u00edfico, la tecnolog\u00eda, la atenci\u00f3n de la salud y la producci\u00f3n de bienes con alto valor agregado, adem\u00e1s de la necesidad de poner al alcance de la poblaci\u00f3n todas las novedades terap\u00e9uticas disponibles como forma de incrementar el acceso a la salud para la poblaci\u00f3n.<\/p>\n<p>Se identifican las caracter\u00edsticas de la industria farmac\u00e9utica en Argentina, en particular el rol de los laboratorios de capital nacional, sus fortalezas, capacidades, amenazas, desaf\u00edos y oportunidades. Se aportan los datos de producci\u00f3n y ventas de medicamentos, tanto en el mercado interno como externo, empleo, inversiones y proyecciones de las principales variables del sector.<\/p>\n<\/div><div class=\"fusion-text fusion-text-4\"><p><div class=\"fusion-fa-align-left\"><i class=\"fb-icon-element-2 fb-icon-element fontawesome-icon fa fa-cloud-download circle-yes\" style=\"--awb-circlecolor:#4fc3f7;--awb-circlecolor-hover:#4fc3f7;--awb-circlebordercolor:#4fc3f7;--awb-circlebordercolor-hover:#4fc3f7;--awb-circlebordersize:1px;--awb-font-size:14.08px;--awb-width:28.16px;--awb-height:28.16px;--awb-line-height:26.16px;--awb-margin-right:10px;\"><\/i><\/div> <a href=\"https:\/\/cilfa.org.ar\/wp1\/wp-content\/uploads\/2021\/07\/Escenario-y-Perspectivas-de-la-Industria-Farmaceutica-Argentina-2021.pdf\" target=\"_blank\" rel=\"noopener noreferrer\">DESCARGAR EL DOCUMENTO EN ESPA\u00d1OL \/ PDF<\/a><\/p>\n<p style=\"text-align: right;\"><div class=\"fusion-fa-align-left\"><i class=\"fb-icon-element-3 fb-icon-element fontawesome-icon fa fa-cloud-download circle-yes\" style=\"--awb-circlecolor:#4fc3f7;--awb-circlecolor-hover:#4fc3f7;--awb-circlebordercolor:#4fc3f7;--awb-circlebordercolor-hover:#4fc3f7;--awb-circlebordersize:1px;--awb-font-size:14.08px;--awb-width:28.16px;--awb-height:28.16px;--awb-line-height:26.16px;--awb-margin-right:10px;\"><\/i><\/div> <a href=\"https:\/\/cilfa.org.ar\/wp1\/wp-content\/uploads\/2021\/08\/Escenario-y-Perspectivas-de-la-Industria-Farmaceutica-Argentina-Ingles-2021.pdf\" target=\"_blank\" rel=\"noopener noreferrer\">DOWNLOAD DOCUMENT \/ PDF<\/a><\/p>\n<\/div><div class=\"fusion-clearfix\"><\/div><\/div><\/div><\/div><\/div>\n<\/div><\/div><div class=\"fusion-clearfix\"><\/div><\/article>\n<article id=\"blog-1-post-938\" class=\"fusion-post-medium post-938 post type-post status-publish format-standard hentry category-revista\">\n\t<style type=\"text\/css\">\n\t\t\n\t\t\n\t\t\n\t\t\n\t\t\t<\/style>\n\n\n<div class=\"fusion-post-content post-content\"><h2 class=\"blog-shortcode-post-title entry-title\">Visi\u00f3n Farma 2030: Plan Estrat\u00e9gico para el Desarrollo de la Industria Farmac\u00e9utica, Farmoqu\u00edmica y Biol\u00f3gica.<\/h2><div class=\"fusion-post-content-container\"><div class=\"fusion-fullwidth fullwidth-box fusion-builder-row-2-3 nonhundred-percent-fullwidth non-hundred-percent-height-scrolling\" style=\"--awb-border-radius-top-left:0px;--awb-border-radius-top-right:0px;--awb-border-radius-bottom-right:0px;--awb-border-radius-bottom-left:0px;--awb-flex-wrap:wrap;\" ><div class=\"fusion-builder-row fusion-row\"><div class=\"fusion-layout-column fusion_builder_column fusion-builder-column-4 fusion_builder_column_1_1 1_1 fusion-one-full fusion-column-first fusion-column-last\" style=\"--awb-bg-size:cover;--awb-margin-bottom:0px;\"><div class=\"fusion-column-wrapper fusion-flex-column-wrapper-legacy\"><div class=\"fusion-text fusion-text-5\"><ul>\n<li>Las plantas farmac\u00e9uticas instaladas en el pa\u00eds de los laboratorios nacionales garantizan a la poblaci\u00f3n el abastecimiento de medicamentos a precios accesibles y con calidad internacional, frente a cualquier contingencia sanitaria o econ\u00f3mica.<\/li>\n<li>Es el tercer sector industrial por su nivel de agregaci\u00f3n de valor, detr\u00e1s de los sectores de refinaci\u00f3n de petr\u00f3leo e industrias b\u00e1sicas de hierro y acero.<\/li>\n<li>La industria genera una ocupaci\u00f3n directa de 43.000 personas (con muy alta proporci\u00f3n de profesionales y t\u00e9cnicos) y 120.000 personas en forma indirecta.(&#8230;)<\/li>\n<\/ul>\n<\/div><div class=\"fusion-text fusion-text-6\"><p><div class=\"fusion-fa-align-left\"><i class=\"fb-icon-element-4 fb-icon-element fontawesome-icon fa fa-cloud-download circle-yes\" style=\"--awb-circlecolor:#4fc3f7;--awb-circlecolor-hover:#4fc3f7;--awb-circlebordercolor:#4fc3f7;--awb-circlebordercolor-hover:#4fc3f7;--awb-circlebordersize:1px;--awb-font-size:14.08px;--awb-width:28.16px;--awb-height:28.16px;--awb-line-height:26.16px;--awb-margin-right:10px;\"><\/i><\/div> <a href=\"http:\/\/cilfa.org.ar\/wp1\/wp-content\/uploads\/2020\/08\/Vision-Farma-2020-2030.pdf\" target=\"_blank\" rel=\"noopener noreferrer\">DESCARGAR EL DOCUMENTO \/ PDF<\/a><\/p>\n<\/div><div class=\"fusion-clearfix\"><\/div><\/div><\/div><\/div><\/div>\n<\/div><\/div><div class=\"fusion-clearfix\"><\/div><\/article>\n<article id=\"blog-1-post-932\" class=\"fusion-post-medium post-932 post type-post status-publish format-standard hentry category-revista\">\n\t<style type=\"text\/css\">\n\t\t\n\t\t\n\t\t\n\t\t\n\t\t\t<\/style>\n\n\n<div class=\"fusion-post-content post-content\"><h2 class=\"blog-shortcode-post-title entry-title\">Escenario y perspectivas de la Industria Farmac\u00e9utica Nacional 2018-2021<\/h2><div class=\"fusion-post-content-container\"><div class=\"fusion-fullwidth fullwidth-box fusion-builder-row-2-4 nonhundred-percent-fullwidth non-hundred-percent-height-scrolling\" style=\"--awb-border-radius-top-left:0px;--awb-border-radius-top-right:0px;--awb-border-radius-bottom-right:0px;--awb-border-radius-bottom-left:0px;--awb-flex-wrap:wrap;\" ><div class=\"fusion-builder-row fusion-row\"><div class=\"fusion-layout-column fusion_builder_column fusion-builder-column-5 fusion_builder_column_1_1 1_1 fusion-one-full fusion-column-first fusion-column-last\" style=\"--awb-bg-size:cover;--awb-margin-bottom:0px;\"><div class=\"fusion-column-wrapper fusion-flex-column-wrapper-legacy\"><div class=\"fusion-text fusion-text-7\"><p>La industria farmac\u00e9utica es un sector considerado estrat\u00e9gico por las pol\u00edticas nacionales de la gran mayor\u00eda de los pa\u00edses desarrollados. Ello es as\u00ed por razones que se vinculan a la generaci\u00f3n de conocimiento cient\u00edfico, la tecnolog\u00eda, la atenci\u00f3n de la salud y la producci\u00f3n de bienes con alto valor agregado, adem\u00e1s de la necesidad de poner al alcance de la poblaci\u00f3n todas las novedades terap\u00e9uticas disponibles como forma de incrementar el<br \/>\nnivel de salud de los pa\u00edses.<\/p>\n<p>La fabricaci\u00f3n y comercializaci\u00f3n de medicamentos en el mundo est\u00e1 liderada por compa\u00f1\u00edas multinacionales con presencia en la mayor\u00eda de los mercados. La dimensi\u00f3n del comercio mundial de medicamentos, medido por las ventas de todas las compa\u00f1\u00edas en los principales mercados alcanz\u00f3 un valor de U$S 1.099,4 miles de millones en el a\u00f1o 2017, valor superior en un 3,2 % al del a\u00f1o anterior. Las ventas globales se incrementaron un 37,1 %, desde los U$S 801.500 millones en 20081. Este crecimiento es equivalente a una tasa anual acumulativa del 3,6% para el per\u00edodo 2008-2017.(&#8230;)<\/p>\n<\/div><div class=\"fusion-text fusion-text-8\"><p><div class=\"fusion-fa-align-left\"><i class=\"fb-icon-element-5 fb-icon-element fontawesome-icon fa fa-cloud-download circle-yes\" style=\"--awb-circlecolor:#4fc3f7;--awb-circlecolor-hover:#4fc3f7;--awb-circlebordercolor:#4fc3f7;--awb-circlebordercolor-hover:#4fc3f7;--awb-circlebordersize:1px;--awb-font-size:14.08px;--awb-width:28.16px;--awb-height:28.16px;--awb-line-height:26.16px;--awb-margin-right:10px;\"><\/i><\/div> <a href=\"..\/wp-content\/uploads\/2018\/10\/Escenario-de-la-IFA-espa\u00f1ol-2018.pdf\" target=\"_blank\" rel=\"noopener noreferrer\">DESCARGAR EL DOCUMENTO EN ESPA\u00d1OL \/ PDF<\/a><\/p>\n<p style=\"text-align: right;\"><div class=\"fusion-fa-align-left\"><i class=\"fb-icon-element-6 fb-icon-element fontawesome-icon fa fa-cloud-download circle-yes\" style=\"--awb-circlecolor:#4fc3f7;--awb-circlecolor-hover:#4fc3f7;--awb-circlebordercolor:#4fc3f7;--awb-circlebordercolor-hover:#4fc3f7;--awb-circlebordersize:1px;--awb-font-size:14.08px;--awb-width:28.16px;--awb-height:28.16px;--awb-line-height:26.16px;--awb-margin-right:10px;\"><\/i><\/div> <a href=\"..\/wp-content\/uploads\/2018\/10\/Escenario-de-la-IFA-ingles-2018.pdf\" target=\"_blank\" rel=\"noopener noreferrer\">DOWNLOAD DOCUMENT \/ PDF<\/a><\/p>\n<\/div><div class=\"fusion-clearfix\"><\/div><\/div><\/div><\/div><\/div>\n<\/div><\/div><div class=\"fusion-clearfix\"><\/div><\/article>\n<\/div><div class=\"pagination clearfix\"><span class=\"current\">1<\/span><a href=\"https:\/\/cilfa.org.ar\/wp1\/wp-json\/wp\/v2\/pages\/512\/page\/2\/\" class=\"inactive\">2<\/a><a class=\"pagination-next\" rel=\"next\" href=\"https:\/\/cilfa.org.ar\/wp1\/wp-json\/wp\/v2\/pages\/512\/page\/2\/\"><span class=\"page-text\">Siguiente<\/span><span class=\"page-next\"><\/span><\/a><\/div><div class=\"fusion-clearfix\"><\/div><\/div><div class=\"fusion-clearfix\"><\/div><\/div><\/div><\/div><\/div><\/p>\n","protected":false},"excerpt":{"rendered":"","protected":false},"author":3,"featured_media":0,"parent":0,"menu_order":0,"comment_status":"closed","ping_status":"closed","template":"100-width.php","meta":{"footnotes":""},"class_list":["post-512","page","type-page","status-publish","hentry"],"_links":{"self":[{"href":"https:\/\/cilfa.org.ar\/wp1\/wp-json\/wp\/v2\/pages\/512","targetHints":{"allow":["GET"]}}],"collection":[{"href":"https:\/\/cilfa.org.ar\/wp1\/wp-json\/wp\/v2\/pages"}],"about":[{"href":"https:\/\/cilfa.org.ar\/wp1\/wp-json\/wp\/v2\/types\/page"}],"author":[{"embeddable":true,"href":"https:\/\/cilfa.org.ar\/wp1\/wp-json\/wp\/v2\/users\/3"}],"replies":[{"embeddable":true,"href":"https:\/\/cilfa.org.ar\/wp1\/wp-json\/wp\/v2\/comments?post=512"}],"version-history":[{"count":0,"href":"https:\/\/cilfa.org.ar\/wp1\/wp-json\/wp\/v2\/pages\/512\/revisions"}],"wp:attachment":[{"href":"https:\/\/cilfa.org.ar\/wp1\/wp-json\/wp\/v2\/media?parent=512"}],"curies":[{"name":"wp","href":"https:\/\/api.w.org\/{rel}","templated":true}]}}