{"id":474,"date":"2018-08-27T17:56:43","date_gmt":"2018-08-27T17:56:43","guid":{"rendered":"http:\/\/cilfa.com.ar\/wp1\/?page_id=474"},"modified":"2021-06-09T16:06:43","modified_gmt":"2021-06-09T16:06:43","slug":"alifar","status":"publish","type":"page","link":"https:\/\/cilfa.org.ar\/wp1\/alifar\/","title":{"rendered":"ALIFAR"},"content":{"rendered":"<p><div class=\"fusion-fullwidth fullwidth-box fusion-builder-row-1 fusion-parallax-none nonhundred-percent-fullwidth non-hundred-percent-height-scrolling\" style=\"--awb-background-repeat:repeat-y;--awb-border-radius-top-left:0px;--awb-border-radius-top-right:0px;--awb-border-radius-bottom-right:0px;--awb-border-radius-bottom-left:0px;--awb-padding-top:0px;--awb-padding-right:0px;--awb-padding-bottom:0px;--awb-padding-left:0px;--awb-margin-top:0px;--awb-margin-bottom:40px;--awb-background-image:url(&quot;http:\/\/cilfa.org.ar\/wp1\/wp-content\/uploads\/2018\/10\/pixelbackgroundpng.gif&quot;);--awb-flex-wrap:wrap;\" ><div class=\"fusion-builder-row fusion-row\"><div class=\"fusion-layout-column fusion_builder_column fusion-builder-column-0 fusion_builder_column_1_1 1_1 fusion-one-full fusion-column-first fusion-column-last\" style=\"--awb-bg-image:url(&#039;https:\/\/cilfa.org.ar\/wp1\/wp-content\/uploads\/2018\/10\/nueva-barra07.jpg&#039;);--awb-bg-position:center top;--awb-bg-size:cover;--awb-margin-bottom:0px;\"><div class=\"fusion-column-wrapper fusion-column-has-shadow fusion-flex-column-wrapper-legacy fusion-empty-column-bg-image fusion-column-has-bg-image\" data-bg-url=\"https:\/\/cilfa.org.ar\/wp1\/wp-content\/uploads\/2018\/10\/nueva-barra07.jpg\"><img decoding=\"async\" class=\"fusion-empty-dims-img-placeholder\" aria-label=\"nueva barra07\" src=\"data:image\/svg+xml,%3Csvg%20xmlns%3D%27http%3A%2F%2Fwww.w3.org%2F2000%2Fsvg%27%20width%3D%271200%27%20height%3D%27250%27%20viewBox%3D%270%200%201200%20250%27%3E%3Crect%20width%3D%271200%27%20height%3D%27250%27%20fill-opacity%3D%220%22%2F%3E%3C%2Fsvg%3E\"><div class=\"fusion-clearfix\"><\/div><\/div><\/div><\/div><\/div><div class=\"fusion-fullwidth fullwidth-box fusion-builder-row-2 nonhundred-percent-fullwidth non-hundred-percent-height-scrolling\" style=\"--awb-border-radius-top-left:0px;--awb-border-radius-top-right:0px;--awb-border-radius-bottom-right:0px;--awb-border-radius-bottom-left:0px;--awb-background-color:rgba(219,219,219,0);--awb-flex-wrap:wrap;\" ><div class=\"fusion-builder-row fusion-row\"><div class=\"fusion-layout-column fusion_builder_column fusion-builder-column-1 fusion_builder_column_1_1 1_1 fusion-one-full fusion-column-first fusion-column-last fusion-column-no-min-height\" style=\"--awb-bg-size:cover;\"><div class=\"fusion-column-wrapper fusion-flex-column-wrapper-legacy\"><div class=\"fusion-blog-shortcode fusion-blog-shortcode-1 fusion-blog-archive fusion-blog-layout-medium fusion-blog-pagination\"><div class=\"fusion-posts-container fusion-posts-container-pagination fusion-no-meta-info fusion-blog-rollover\" data-pages=\"1\"><article id=\"blog-1-post-737\" class=\"fusion-post-medium post-737 post type-post status-publish format-standard hentry category-alifar\">\n\t<style type=\"text\/css\">\n\t\t\n\t\t\n\t\t\n\t\t\n\t\t\t<\/style>\n\n\n<div class=\"fusion-post-content post-content\"><h2 class=\"blog-shortcode-post-title entry-title\"><a href=\"https:\/\/cilfa.org.ar\/wp1\/declaracion-de-montevideo\/\">Declaraci\u00f3n de Montevideo<\/a><\/h2><div class=\"fusion-post-content-container\"><div class=\"fusion-fullwidth fullwidth-box fusion-builder-row-2-1 nonhundred-percent-fullwidth non-hundred-percent-height-scrolling\" style=\"--awb-border-radius-top-left:0px;--awb-border-radius-top-right:0px;--awb-border-radius-bottom-right:0px;--awb-border-radius-bottom-left:0px;--awb-flex-wrap:wrap;\" ><div class=\"fusion-builder-row fusion-row\"><div class=\"fusion-layout-column fusion_builder_column fusion-builder-column-2 fusion_builder_column_1_1 1_1 fusion-one-full fusion-column-first fusion-column-last\" style=\"--awb-bg-size:cover;--awb-margin-bottom:0px;\"><div class=\"fusion-column-wrapper fusion-flex-column-wrapper-legacy\"><div class=\"fusion-text fusion-text-1\"><p>La industria farmac\u00e9utica latinoamericana, en el marco de la XXXIX Asamblea Anual de ALIFAR reunida en Montevideo, Uruguay los d\u00edas 7 al 9 de mayo de 2018, hace la siguiente<\/p>\n<p>DECLARACI\u00d3N:<\/p>\n<p>La Industria Farmac\u00e9utica Latinoamericana de capitales nacionales privados, siendo un sector industrial estrat\u00e9gico para el Acceso a Medicamentos a trav\u00e9s de la Libre Competencia, reafirma su compromiso de proveer a nuestros pueblos medicamentos de calidad, seguros, eficaces y a precios accesibles. Para ello seguimos invirtiendo en tecnolog\u00eda, investigando y desarrollando nuevos productos, estimulando as\u00ed la producci\u00f3n, el empleo de calidad y las exportaciones de medicamentos.<br \/>\nALIFAR se dirige a los gobiernos de los pa\u00edses del MERCOSUR que participan en los procesos de negociaciones comerciales con la UNION EUROPEA, a fin de instarlos a que no acepten nuevos y m\u00e1s altos est\u00e1ndares de protecci\u00f3n y observancia de propiedad intelectual que vulneren las flexibilidades contempladas en el Acuerdo sobre los ADPIC y que limitan el acceso a los medicamentos. LA PROPIEDAD INTELECTUAL NO ES UNA MONEDA DE CAMBIO para ninguno de los pa\u00edses de nuestra regi\u00f3n.<br \/>\nLas regulaciones gubernamentales unilateralmente impuestas en materias de precios de los medicamentos, impactan negativamente sobre las inversiones en el sector, erosionan su competitividad, desalientan la investigaci\u00f3n y el desarrollo nacional, limitando la oferta, principalmente el acceso y la disponibilidad de los medicamentos de calidad a la poblaci\u00f3n.<br \/>\nALIFAR considera fundamental recuperar las farmacias tradicionales y a los profesionales farmac\u00e9uticos como agentes sanitarios primarios, fortaleciendo su rol al servicio de la comunidad.<br \/>\nALIFAR denuncia la campa\u00f1a de desprestigio contra los biosimilares elaborados por la Industria Latinoamericana, campa\u00f1a que cuestiona sin sustento cient\u00edfico alguno la seguridad, eficacia y calidad de los biosimilares, cuestionando adem\u00e1s la capacidad de las autoridades regulatorias nacionales para examinarlos.<br \/>\nALIFAR advierte sobre las pr\u00e1cticas desleales de los laboratorios multinacionales productores de medicamentos biotecnol\u00f3gicos que restringen la competencia monopolizando el mercado de productos de alto costo, limitando el acceso de la poblaci\u00f3n a medicamentos biosimilares de calidad, seguros, eficaces y a precios accesibles elaborados por la Industria Latinoamericana.<br \/>\nALIFAR solicita a las autoridades sanitarias dentro de cada pa\u00eds que establezcan mecanismos de control de calidad de los medicamentos que se importan a los mercados de la regi\u00f3n, a fin de mantener el equilibrio y garantizar la salud de la poblaci\u00f3n, exigiendo que se apliquen a las empresas importadoras los mismos requisitos, condiciones y controles que se aplican a los laboratorios localmente establecidos.<\/p>\n<p>Montevideo, 9 de mayo de 2018.<\/p>\n<\/div><div class=\"fusion-text fusion-text-2\"><p><div class=\"fusion-fa-align-left\"><i class=\"fb-icon-element-1 fb-icon-element fontawesome-icon fa fa-cloud-download circle-yes\" style=\"--awb-circlecolor:#4fc3f7;--awb-circlecolor-hover:#4fc3f7;--awb-circlebordercolor:#4fc3f7;--awb-circlebordercolor-hover:#4fc3f7;--awb-circlebordersize:1px;--awb-font-size:14.08px;--awb-width:28.16px;--awb-height:28.16px;--awb-line-height:26.16px;--awb-margin-right:10px;\"><\/i><\/div> <a href=\"..\/wp-content\/uploads\/2018\/10\/DECLARACIO\u00ecN-DE-Montevideo.pdf\" target=\"_blank\" rel=\"noopener noreferrer\">DESCARGAR EL DOCUMENTO \/ PDF<\/a><\/p>\n<\/div><div class=\"fusion-clearfix\"><\/div><\/div><\/div><\/div><\/div>\n<\/div><\/div><div class=\"fusion-clearfix\"><\/div><\/article>\n<\/div><\/div><div class=\"fusion-clearfix\"><\/div><\/div><\/div><\/div><\/div><\/p>\n","protected":false},"excerpt":{"rendered":"","protected":false},"author":3,"featured_media":0,"parent":0,"menu_order":0,"comment_status":"closed","ping_status":"closed","template":"100-width.php","meta":{"footnotes":""},"class_list":["post-474","page","type-page","status-publish","hentry"],"_links":{"self":[{"href":"https:\/\/cilfa.org.ar\/wp1\/wp-json\/wp\/v2\/pages\/474","targetHints":{"allow":["GET"]}}],"collection":[{"href":"https:\/\/cilfa.org.ar\/wp1\/wp-json\/wp\/v2\/pages"}],"about":[{"href":"https:\/\/cilfa.org.ar\/wp1\/wp-json\/wp\/v2\/types\/page"}],"author":[{"embeddable":true,"href":"https:\/\/cilfa.org.ar\/wp1\/wp-json\/wp\/v2\/users\/3"}],"replies":[{"embeddable":true,"href":"https:\/\/cilfa.org.ar\/wp1\/wp-json\/wp\/v2\/comments?post=474"}],"version-history":[{"count":0,"href":"https:\/\/cilfa.org.ar\/wp1\/wp-json\/wp\/v2\/pages\/474\/revisions"}],"wp:attachment":[{"href":"https:\/\/cilfa.org.ar\/wp1\/wp-json\/wp\/v2\/media?parent=474"}],"curies":[{"name":"wp","href":"https:\/\/api.w.org\/{rel}","templated":true}]}}