{"id":2252,"date":"2026-03-13T10:15:29","date_gmt":"2026-03-13T10:15:29","guid":{"rendered":"https:\/\/cilfa.org.ar\/wp1\/?page_id=2252"},"modified":"2026-03-13T10:18:17","modified_gmt":"2026-03-13T10:18:17","slug":"cilfa-al-dia","status":"publish","type":"page","link":"https:\/\/cilfa.org.ar\/wp1\/cilfa-al-dia\/","title":{"rendered":"CILFA al d\u00eda"},"content":{"rendered":"<p><div class=\"fusion-fullwidth fullwidth-box fusion-builder-row-1 fusion-parallax-none nonhundred-percent-fullwidth non-hundred-percent-height-scrolling\" style=\"--awb-background-repeat:repeat-y;--awb-border-radius-top-left:0px;--awb-border-radius-top-right:0px;--awb-border-radius-bottom-right:0px;--awb-border-radius-bottom-left:0px;--awb-padding-top:0px;--awb-padding-right:0px;--awb-padding-bottom:0px;--awb-padding-left:0px;--awb-margin-top:0px;--awb-margin-bottom:40px;--awb-background-image:url(&quot;http:\/\/cilfa.org.ar\/wp1\/wp-content\/uploads\/2018\/10\/pixelbackgroundpng.gif&quot;);--awb-flex-wrap:wrap;\" ><div class=\"fusion-builder-row fusion-row\"><div class=\"fusion-layout-column fusion_builder_column fusion-builder-column-0 fusion_builder_column_1_1 1_1 fusion-one-full fusion-column-first fusion-column-last\" style=\"--awb-bg-image:url(&#039;https:\/\/cilfa.org.ar\/wp1\/wp-content\/uploads\/2026\/03\/barra-cilfa-al-dia.jpg&#039;);--awb-bg-position:center top;--awb-bg-size:cover;--awb-margin-bottom:0px;\" data-scroll-devices=\"small-visibility,medium-visibility,large-visibility\"><div class=\"fusion-column-wrapper fusion-column-has-shadow fusion-flex-column-wrapper-legacy fusion-empty-column-bg-image fusion-column-has-bg-image\" data-bg-url=\"https:\/\/cilfa.org.ar\/wp1\/wp-content\/uploads\/2026\/03\/barra-cilfa-al-dia.jpg\"><img decoding=\"async\" class=\"fusion-empty-dims-img-placeholder\" aria-label=\"barra-cilfa-al-dia\" src=\"data:image\/svg+xml,%3Csvg%20xmlns%3D%27http%3A%2F%2Fwww.w3.org%2F2000%2Fsvg%27%20width%3D%271200%27%20height%3D%27250%27%20viewBox%3D%270%200%201200%20250%27%3E%3Crect%20width%3D%271200%27%20height%3D%27250%27%20fill-opacity%3D%220%22%2F%3E%3C%2Fsvg%3E\"><div class=\"fusion-clearfix\"><\/div><\/div><\/div><\/div><\/div><div class=\"fusion-fullwidth fullwidth-box fusion-builder-row-2 nonhundred-percent-fullwidth non-hundred-percent-height-scrolling\" style=\"--awb-border-radius-top-left:0px;--awb-border-radius-top-right:0px;--awb-border-radius-bottom-right:0px;--awb-border-radius-bottom-left:0px;--awb-background-color:rgba(219,219,219,0);--awb-flex-wrap:wrap;\" ><div class=\"fusion-builder-row fusion-row\"><div class=\"fusion-layout-column fusion_builder_column fusion-builder-column-1 fusion_builder_column_1_1 1_1 fusion-one-full fusion-column-first fusion-column-last fusion-column-no-min-height\" style=\"--awb-bg-size:cover;\"><div class=\"fusion-column-wrapper fusion-flex-column-wrapper-legacy\"><div class=\"fusion-blog-shortcode fusion-blog-shortcode-1 fusion-blog-archive fusion-blog-layout-medium fusion-blog-pagination\"><div class=\"fusion-posts-container fusion-posts-container-pagination fusion-no-meta-info fusion-blog-rollover\" data-pages=\"1\"><article id=\"blog-1-post-2261\" class=\"fusion-post-medium post-2261 post type-post status-publish format-standard hentry category-cilfa-al-dia\">\n\t<style type=\"text\/css\">\n\t\t\n\t\t\n\t\t\n\t\t\n\t\t\t<\/style>\n\n\n<div class=\"fusion-post-content post-content\"><h2 class=\"blog-shortcode-post-title entry-title\">Febrero 2026 &#8211; CILFA al d\u00eda<\/h2><div class=\"fusion-post-content-container\"><div class=\"fusion-fullwidth fullwidth-box fusion-builder-row-2-1 nonhundred-percent-fullwidth non-hundred-percent-height-scrolling\" style=\"--awb-border-radius-top-left:0px;--awb-border-radius-top-right:0px;--awb-border-radius-bottom-right:0px;--awb-border-radius-bottom-left:0px;--awb-flex-wrap:wrap;\" ><div class=\"fusion-builder-row fusion-row\"><div class=\"fusion-layout-column fusion_builder_column fusion-builder-column-2 fusion_builder_column_1_1 1_1 fusion-one-full fusion-column-first fusion-column-last\" style=\"--awb-bg-size:cover;--awb-margin-bottom:0px;\"><div class=\"fusion-column-wrapper fusion-flex-column-wrapper-legacy\"><div class=\"fusion-text fusion-text-1\"><p>El \u00faltimo dato p\u00fablico oficial corresponde a diciembre de 2025, indicando un crecimiento interanual de la industria farmac\u00e9utica de 13,1%, de manera que ya acumula 12 meses consecutivos de crecimiento. A su vez, el \u00cdndice de producci\u00f3n industrial (IPI) de la industria general volvi\u00f3 a registrar una contracci\u00f3n, esta vez de -3,9% interanual, confirmando un retroceso en todos los meses del segundo semestre de 2025.<br \/>\nCon respecto a noviembre, la producci\u00f3n industrial de medicamentos se contrajo un -4,4% y la industria general tambi\u00e9n cay\u00f3 pero un 2%. Trat\u00e1ndose de los \u00faltimos meses del a\u00f1o debe considerarse una reducci\u00f3n habitual de la actividad por la incidencia de vacaciones y tareas de mantenimiento.<br \/>\nDe esta manera, el sector farmac\u00e9utico se consolida como el rubro industrial de mejor comportamiento de toda la industria argentina a lo largo del a\u00f1o 2025; no obstante, no lo exime de ser afectado por el agravamiento de las condiciones macroecon\u00f3micas del pa\u00eds en el 2do semestre de 2025<\/p>\n<\/div><div class=\"fusion-text fusion-text-2\"><p><div class=\"fusion-fa-align-left\"><i class=\"fb-icon-element-1 fb-icon-element fontawesome-icon fa fa-cloud-download circle-yes\" style=\"--awb-circlecolor:#4fc3f7;--awb-circlecolor-hover:#4fc3f7;--awb-circlebordercolor:#4fc3f7;--awb-circlebordercolor-hover:#4fc3f7;--awb-circlebordersize:1px;--awb-font-size:14.08px;--awb-width:28.16px;--awb-height:28.16px;--awb-line-height:26.16px;--awb-margin-right:10px;\"><\/i><\/div>\n<a href=\"https:\/\/cilfa.org.ar\/wp1\/wp-content\/uploads\/2026\/03\/CILFA-al-Diia-febrero-2026.pdf\" target=\"_blank\" rel=\"noopener noreferrer\">DESCARGAR EL DOCUMENTO \/ PDF<\/a><\/p>\n<\/div><div class=\"fusion-clearfix\"><\/div><\/div><\/div><\/div><\/div>\n<\/div><\/div><div class=\"fusion-clearfix\"><\/div><\/article>\n<article id=\"blog-1-post-2255\" class=\"fusion-post-medium post-2255 post type-post status-publish format-standard hentry category-cilfa-al-dia\">\n\t<style type=\"text\/css\">\n\t\t\n\t\t\n\t\t\n\t\t\n\t\t\t<\/style>\n\n\n<div class=\"fusion-post-content post-content\"><h2 class=\"blog-shortcode-post-title entry-title\">Enero 2026 &#8211; CILFA al d\u00eda<\/h2><div class=\"fusion-post-content-container\"><div class=\"fusion-fullwidth fullwidth-box fusion-builder-row-2-2 nonhundred-percent-fullwidth non-hundred-percent-height-scrolling\" style=\"--awb-border-radius-top-left:0px;--awb-border-radius-top-right:0px;--awb-border-radius-bottom-right:0px;--awb-border-radius-bottom-left:0px;--awb-flex-wrap:wrap;\" ><div class=\"fusion-builder-row fusion-row\"><div class=\"fusion-layout-column fusion_builder_column fusion-builder-column-3 fusion_builder_column_1_1 1_1 fusion-one-full fusion-column-first fusion-column-last\" style=\"--awb-bg-size:cover;--awb-margin-bottom:0px;\"><div class=\"fusion-column-wrapper fusion-flex-column-wrapper-legacy\"><div class=\"fusion-text fusion-text-3\"><p>En noviembre, \u00faltimo dato p\u00fablico oficial, la industria farmac\u00e9utica mostr\u00f3 nuevamente una variaci\u00f3n interanual positiva del 6,1% y ya acumula 11 meses consecutivos de crecimiento, mientras que el \u00cdndice de producci\u00f3n industrial (IPI) de la industria general profundiz\u00f3 su contracci\u00f3n con una ca\u00edda del 8,7%, sumando 5 meses seguidos negativos.<br \/>\nCon respecto a octubre, la producci\u00f3n industrial de medicamentos creci\u00f3 un 0,5% y la general se contrajo en -9,5%, lo que implica un desacople y un aumento de la brecha entre ambos sectores.<br \/>\nDe esta manera, el sector farmac\u00e9utico se consolida como el rubro industrial de mejor comportamiento de toda la industria argentina a lo largo del a\u00f1o 2025; no obstante, no lo exime de ser afectado por el agravamiento de las condiciones macroecon\u00f3micas del pa\u00eds en el 2do semestre de 2025.<\/p>\n<\/div><div class=\"fusion-text fusion-text-4\"><p><div class=\"fusion-fa-align-left\"><i class=\"fb-icon-element-2 fb-icon-element fontawesome-icon fa fa-cloud-download circle-yes\" style=\"--awb-circlecolor:#4fc3f7;--awb-circlecolor-hover:#4fc3f7;--awb-circlebordercolor:#4fc3f7;--awb-circlebordercolor-hover:#4fc3f7;--awb-circlebordersize:1px;--awb-font-size:14.08px;--awb-width:28.16px;--awb-height:28.16px;--awb-line-height:26.16px;--awb-margin-right:10px;\"><\/i><\/div>\n<a href=\"https:\/\/cilfa.org.ar\/wp1\/wp-content\/uploads\/2026\/03\/CILFA-al-Dia-enero-2026.pdf\" target=\"_blank\" rel=\"noopener noreferrer\">DESCARGAR EL DOCUMENTO \/ PDF<\/a><\/p>\n<\/div><div class=\"fusion-clearfix\"><\/div><\/div><\/div><\/div><\/div>\n<\/div><\/div><div class=\"fusion-clearfix\"><\/div><\/article>\n<\/div><\/div><div class=\"fusion-clearfix\"><\/div><\/div><\/div><\/div><\/div><\/p>\n","protected":false},"excerpt":{"rendered":"","protected":false},"author":2,"featured_media":0,"parent":0,"menu_order":0,"comment_status":"closed","ping_status":"closed","template":"100-width.php","meta":{"footnotes":""},"class_list":["post-2252","page","type-page","status-publish","hentry"],"_links":{"self":[{"href":"https:\/\/cilfa.org.ar\/wp1\/wp-json\/wp\/v2\/pages\/2252","targetHints":{"allow":["GET"]}}],"collection":[{"href":"https:\/\/cilfa.org.ar\/wp1\/wp-json\/wp\/v2\/pages"}],"about":[{"href":"https:\/\/cilfa.org.ar\/wp1\/wp-json\/wp\/v2\/types\/page"}],"author":[{"embeddable":true,"href":"https:\/\/cilfa.org.ar\/wp1\/wp-json\/wp\/v2\/users\/2"}],"replies":[{"embeddable":true,"href":"https:\/\/cilfa.org.ar\/wp1\/wp-json\/wp\/v2\/comments?post=2252"}],"version-history":[{"count":6,"href":"https:\/\/cilfa.org.ar\/wp1\/wp-json\/wp\/v2\/pages\/2252\/revisions"}],"predecessor-version":[{"id":2334,"href":"https:\/\/cilfa.org.ar\/wp1\/wp-json\/wp\/v2\/pages\/2252\/revisions\/2334"}],"wp:attachment":[{"href":"https:\/\/cilfa.org.ar\/wp1\/wp-json\/wp\/v2\/media?parent=2252"}],"curies":[{"name":"wp","href":"https:\/\/api.w.org\/{rel}","templated":true}]}}