{"id":1837,"date":"2024-08-05T20:38:29","date_gmt":"2024-08-05T20:38:29","guid":{"rendered":"https:\/\/cilfa.org.ar\/wp1\/?page_id=1837"},"modified":"2025-04-21T13:32:04","modified_gmt":"2025-04-21T13:32:04","slug":"reportes-de-coyuntura","status":"publish","type":"page","link":"https:\/\/cilfa.org.ar\/wp1\/reportes-de-coyuntura\/","title":{"rendered":"Reportes de coyuntura"},"content":{"rendered":"<p><div class=\"fusion-fullwidth fullwidth-box fusion-builder-row-1 fusion-parallax-none nonhundred-percent-fullwidth non-hundred-percent-height-scrolling\" style=\"--awb-background-repeat:repeat-y;--awb-border-radius-top-left:0px;--awb-border-radius-top-right:0px;--awb-border-radius-bottom-right:0px;--awb-border-radius-bottom-left:0px;--awb-padding-top:0px;--awb-padding-right:0px;--awb-padding-bottom:0px;--awb-padding-left:0px;--awb-margin-top:0px;--awb-margin-bottom:40px;--awb-background-image:url(&quot;http:\/\/cilfa.org.ar\/wp1\/wp-content\/uploads\/2018\/10\/pixelbackgroundpng.gif&quot;);--awb-flex-wrap:wrap;\" ><div class=\"fusion-builder-row fusion-row\"><div class=\"fusion-layout-column fusion_builder_column fusion-builder-column-0 fusion_builder_column_1_1 1_1 fusion-one-full fusion-column-first fusion-column-last\" style=\"--awb-bg-image:url(&#039;https:\/\/cilfa.org.ar\/wp1\/wp-content\/uploads\/2024\/08\/nueva-barra13b.jpg&#039;);--awb-bg-position:center top;--awb-bg-size:cover;--awb-margin-bottom:0px;\" data-scroll-devices=\"small-visibility,medium-visibility,large-visibility\"><div class=\"fusion-column-wrapper fusion-column-has-shadow fusion-flex-column-wrapper-legacy fusion-empty-column-bg-image fusion-column-has-bg-image\" data-bg-url=\"https:\/\/cilfa.org.ar\/wp1\/wp-content\/uploads\/2024\/08\/nueva-barra13b.jpg\"><img decoding=\"async\" class=\"fusion-empty-dims-img-placeholder\" aria-label=\"nueva-barra13b\" src=\"data:image\/svg+xml,%3Csvg%20xmlns%3D%27http%3A%2F%2Fwww.w3.org%2F2000%2Fsvg%27%20width%3D%271200%27%20height%3D%27250%27%20viewBox%3D%270%200%201200%20250%27%3E%3Crect%20width%3D%271200%27%20height%3D%27250%27%20fill-opacity%3D%220%22%2F%3E%3C%2Fsvg%3E\"><div class=\"fusion-clearfix\"><\/div><\/div><\/div><\/div><\/div><div class=\"fusion-fullwidth fullwidth-box fusion-builder-row-2 nonhundred-percent-fullwidth non-hundred-percent-height-scrolling\" style=\"--awb-border-radius-top-left:0px;--awb-border-radius-top-right:0px;--awb-border-radius-bottom-right:0px;--awb-border-radius-bottom-left:0px;--awb-background-color:rgba(219,219,219,0);--awb-flex-wrap:wrap;\" ><div class=\"fusion-builder-row fusion-row\"><div class=\"fusion-layout-column fusion_builder_column fusion-builder-column-1 fusion_builder_column_1_1 1_1 fusion-one-full fusion-column-first fusion-column-last\" style=\"--awb-bg-size:cover;\"><div class=\"fusion-column-wrapper fusion-column-has-shadow fusion-flex-column-wrapper-legacy\"><div class=\"fusion-text fusion-text-1\"><p>Informes de frecuencia mensual sobre precios, producci\u00f3n y exportaciones de la industria farmac\u00e9utica argentina.<\/p>\n<\/div><div class=\"fusion-clearfix\"><\/div><\/div><\/div><div class=\"fusion-layout-column fusion_builder_column fusion-builder-column-2 fusion_builder_column_1_3 1_3 fusion-one-third fusion-column-first\" style=\"--awb-bg-size:cover;width:33.333333333333%;width:calc(33.333333333333% - ( ( 4% ) * 0.33333333333333 ) );margin-right: 4%;\"><div class=\"fusion-column-wrapper fusion-column-has-shadow fusion-flex-column-wrapper-legacy\"><div class=\"fusion-title title fusion-title-1 fusion-title-text fusion-title-size-three\" style=\"--awb-margin-top-small:0px;--awb-margin-right-small:0px;--awb-margin-bottom-small:20px;--awb-margin-left-small:0px;\"><h3 class=\"fusion-title-heading title-heading-left fusion-responsive-typography-calculated\" style=\"margin:0;--fontSize:26;line-height:1;\">Informe anual 2024<\/h3><span class=\"awb-title-spacer\"><\/span><div class=\"title-sep-container\"><div class=\"title-sep sep- sep-solid\" style=\"border-color:#e0dede;\"><\/div><\/div><\/div><div class=\"fusion-clearfix\"><\/div><\/div><\/div><div class=\"fusion-layout-column fusion_builder_column fusion-builder-column-3 fusion_builder_column_2_3 2_3 fusion-two-third fusion-column-last\" style=\"--awb-bg-size:cover;width:66.666666666667%;width:calc(66.666666666667% - ( ( 4% ) * 0.66666666666667 ) );\"><div class=\"fusion-column-wrapper fusion-column-has-shadow fusion-flex-column-wrapper-legacy\"><div class=\"accordian fusion-accordian\" style=\"--awb-border-size:1px;--awb-icon-size:13px;--awb-content-font-size:17px;--awb-icon-alignment:left;--awb-hover-color:#f9f9f9;--awb-border-color:#cccccc;--awb-background-color:#ffffff;--awb-divider-color:#e0dede;--awb-divider-hover-color:#e0dede;--awb-icon-color:#ffffff;--awb-title-color:#595959;--awb-content-color:#747474;--awb-icon-box-color:#333333;--awb-toggle-hover-accent-color:#67b7e1;--awb-title-font-family:&quot;Roboto Condensed&quot;;--awb-title-font-weight:400;--awb-title-font-style:normal;--awb-title-font-size:18px;--awb-content-font-family:&quot;Roboto Condensed&quot;;--awb-content-font-style:normal;--awb-content-font-weight:300;\"><div class=\"panel-group fusion-toggle-icon-boxed\" id=\"accordion-1837-1\"><div class=\"fusion-panel panel-default panel-32b9e72e0bd740fc9 fusion-toggle-has-divider\" style=\"--awb-title-color:#595959;--awb-content-color:#747474;\"><div class=\"panel-heading\"><h4 class=\"panel-title toggle\" id=\"toggle_32b9e72e0bd740fc9\"><a aria-expanded=\"false\" aria-controls=\"32b9e72e0bd740fc9\" role=\"button\" data-toggle=\"collapse\" data-target=\"#32b9e72e0bd740fc9\" href=\"#32b9e72e0bd740fc9\"><span class=\"fusion-toggle-icon-wrapper\" aria-hidden=\"true\"><i class=\"fa-fusion-box active-icon awb-icon-minus\" aria-hidden=\"true\"><\/i><i class=\"fa-fusion-box inactive-icon awb-icon-plus\" aria-hidden=\"true\"><\/i><\/span><span class=\"fusion-toggle-heading\">Abril 2025<\/span><\/a><\/h4><\/div><div id=\"32b9e72e0bd740fc9\" class=\"panel-collapse collapse \" aria-labelledby=\"toggle_32b9e72e0bd740fc9\"><div class=\"panel-body toggle-content fusion-clearfix\">\n<ul>\n<li style=\"list-style-type: none;\">\n<ul>\n<li style=\"list-style-type: none;\">\n<ul>\n<li><a href=\"https:\/\/cilfa.org.ar\/wp1\/wp-content\/uploads\/2025\/04\/2504_CILFA_Sector_Externo_marzo25.pdf\" target=\"_blank\" rel=\"noopener\">Intercambio comercial de medicamentos en Argentina (PDF)<\/a><\/li>\n<\/ul>\n<\/li>\n<\/ul>\n<\/li>\n<\/ul>\n<\/div><\/div><\/div><div class=\"fusion-panel panel-default panel-b8c137120760ba9f0 fusion-toggle-has-divider\" style=\"--awb-title-color:#595959;--awb-content-color:#747474;\"><div class=\"panel-heading\"><h4 class=\"panel-title toggle\" id=\"toggle_b8c137120760ba9f0\"><a aria-expanded=\"false\" aria-controls=\"b8c137120760ba9f0\" role=\"button\" data-toggle=\"collapse\" data-target=\"#b8c137120760ba9f0\" href=\"#b8c137120760ba9f0\"><span class=\"fusion-toggle-icon-wrapper\" aria-hidden=\"true\"><i class=\"fa-fusion-box active-icon awb-icon-minus\" aria-hidden=\"true\"><\/i><i class=\"fa-fusion-box inactive-icon awb-icon-plus\" aria-hidden=\"true\"><\/i><\/span><span class=\"fusion-toggle-heading\">Marzo 2025<\/span><\/a><\/h4><\/div><div id=\"b8c137120760ba9f0\" class=\"panel-collapse collapse \" aria-labelledby=\"toggle_b8c137120760ba9f0\"><div class=\"panel-body toggle-content fusion-clearfix\">\n<ul>\n<li style=\"list-style-type: none;\">\n<ul>\n<li style=\"list-style-type: none;\">\n<ul>\n<li><a href=\"https:\/\/cilfa.org.ar\/wp1\/wp-content\/uploads\/2025\/03\/Produccion-de-medicamentos-Marzo-2025.pdf\" target=\"_blank\" rel=\"noopener\">An\u00e1lisis de la Producci\u00f3n Industrial de Productos Farmac\u00e9uticos (PDF)<\/a><\/li>\n<\/ul>\n<\/li>\n<\/ul>\n<\/li>\n<\/ul>\n<\/div><\/div><\/div><div class=\"fusion-panel panel-default panel-c352ead34b8d3223b fusion-toggle-has-divider\" style=\"--awb-title-color:#595959;--awb-content-color:#747474;\"><div class=\"panel-heading\"><h4 class=\"panel-title toggle\" id=\"toggle_c352ead34b8d3223b\"><a aria-expanded=\"false\" aria-controls=\"c352ead34b8d3223b\" role=\"button\" data-toggle=\"collapse\" data-target=\"#c352ead34b8d3223b\" href=\"#c352ead34b8d3223b\"><span class=\"fusion-toggle-icon-wrapper\" aria-hidden=\"true\"><i class=\"fa-fusion-box active-icon awb-icon-minus\" aria-hidden=\"true\"><\/i><i class=\"fa-fusion-box inactive-icon awb-icon-plus\" aria-hidden=\"true\"><\/i><\/span><span class=\"fusion-toggle-heading\">Febrero 2025<\/span><\/a><\/h4><\/div><div id=\"c352ead34b8d3223b\" class=\"panel-collapse collapse \" aria-labelledby=\"toggle_c352ead34b8d3223b\"><div class=\"panel-body toggle-content fusion-clearfix\">\n<ul>\n<li style=\"list-style-type: none;\">\n<ul>\n<li style=\"list-style-type: none;\">\n<ul>\n<li><a href=\"https:\/\/cilfa.org.ar\/wp1\/wp-content\/uploads\/2025\/03\/Precios-de-medicamentos-Febrero-2025.pdf\" target=\"_blank\" rel=\"noopener\">Comportamiento de los precios de los medicamentos (PDF)<\/a><\/li>\n<li><a href=\"https:\/\/cilfa.org.ar\/wp1\/wp-content\/uploads\/2025\/03\/Intercambio-comercial-de-medicamentos-Febrero-2025.pdf\" target=\"_blank\" rel=\"noopener\">Intercambio comercial de medicamentos en Argentina (PDF)<\/a><\/li>\n<\/ul>\n<\/li>\n<\/ul>\n<\/li>\n<\/ul>\n<\/div><\/div><\/div><div class=\"fusion-panel panel-default panel-a8dc48dc348967575 fusion-toggle-has-divider\" style=\"--awb-title-color:#595959;--awb-content-color:#747474;\"><div class=\"panel-heading\"><h4 class=\"panel-title toggle\" id=\"toggle_a8dc48dc348967575\"><a aria-expanded=\"false\" aria-controls=\"a8dc48dc348967575\" role=\"button\" data-toggle=\"collapse\" data-target=\"#a8dc48dc348967575\" href=\"#a8dc48dc348967575\"><span class=\"fusion-toggle-icon-wrapper\" aria-hidden=\"true\"><i class=\"fa-fusion-box active-icon awb-icon-minus\" aria-hidden=\"true\"><\/i><i class=\"fa-fusion-box inactive-icon awb-icon-plus\" aria-hidden=\"true\"><\/i><\/span><span class=\"fusion-toggle-heading\">Noviembre 2024<\/span><\/a><\/h4><\/div><div id=\"a8dc48dc348967575\" class=\"panel-collapse collapse \" aria-labelledby=\"toggle_a8dc48dc348967575\"><div class=\"panel-body toggle-content fusion-clearfix\">\n<ul>\n<li style=\"list-style-type: none;\">\n<ul>\n<li style=\"list-style-type: none;\">\n<ul>\n<li><a href=\"https:\/\/cilfa.org.ar\/wp1\/wp-content\/uploads\/2024\/12\/Precios-de-medicamentos-Noviembre-2024.pdf\" target=\"_blank\" rel=\"noopener\">Comportamiento de los precios de los medicamentos (PDF)<\/a><\/li>\n<\/ul>\n<\/li>\n<\/ul>\n<\/li>\n<\/ul>\n<\/div><\/div><\/div><div class=\"fusion-panel panel-default panel-0aa626e1f40f2a0d9 fusion-toggle-has-divider\" style=\"--awb-title-color:#595959;--awb-content-color:#747474;\"><div class=\"panel-heading\"><h4 class=\"panel-title toggle\" id=\"toggle_0aa626e1f40f2a0d9\"><a aria-expanded=\"false\" aria-controls=\"0aa626e1f40f2a0d9\" role=\"button\" data-toggle=\"collapse\" data-target=\"#0aa626e1f40f2a0d9\" href=\"#0aa626e1f40f2a0d9\"><span class=\"fusion-toggle-icon-wrapper\" aria-hidden=\"true\"><i class=\"fa-fusion-box active-icon awb-icon-minus\" aria-hidden=\"true\"><\/i><i class=\"fa-fusion-box inactive-icon awb-icon-plus\" aria-hidden=\"true\"><\/i><\/span><span class=\"fusion-toggle-heading\">Octubre 2024<\/span><\/a><\/h4><\/div><div id=\"0aa626e1f40f2a0d9\" class=\"panel-collapse collapse \" aria-labelledby=\"toggle_0aa626e1f40f2a0d9\"><div class=\"panel-body toggle-content fusion-clearfix\">\n<ul>\n<li style=\"list-style-type: none;\">\n<ul>\n<li><a href=\"https:\/\/cilfa.org.ar\/wp1\/wp-content\/uploads\/2024\/11\/Intercambio-comercial-de-medicamentos-Octubre-2024.pdf\" target=\"_blank\" rel=\"noopener\">Intercambio comercial de medicamentos en Argentina (PDF)<\/a><\/li>\n<li><a href=\"https:\/\/cilfa.org.ar\/wp1\/wp-content\/uploads\/2024\/11\/Precios-de-medicamentos-Octubre-2024.pdf\" target=\"_blank\" rel=\"noopener\">Comportamiento de los precios de los medicamentos (PDF)<\/a><\/li>\n<li><a href=\"https:\/\/cilfa.org.ar\/wp1\/wp-content\/uploads\/2024\/12\/Produccion-de-medicamentos-Octubre-2024.pdf\" target=\"_blank\" rel=\"noopener\">An\u00e1lisis de la Producci\u00f3n Industrial de Productos Farmac\u00e9uticos (PDF)<\/a><\/li>\n<\/ul>\n<\/li>\n<\/ul>\n<\/div><\/div><\/div><div class=\"fusion-panel panel-default panel-acf5b95766c007578 fusion-toggle-has-divider\" style=\"--awb-title-color:#595959;--awb-content-color:#747474;\"><div class=\"panel-heading\"><h4 class=\"panel-title toggle\" id=\"toggle_acf5b95766c007578\"><a aria-expanded=\"false\" aria-controls=\"acf5b95766c007578\" role=\"button\" data-toggle=\"collapse\" data-target=\"#acf5b95766c007578\" href=\"#acf5b95766c007578\"><span class=\"fusion-toggle-icon-wrapper\" aria-hidden=\"true\"><i class=\"fa-fusion-box active-icon awb-icon-minus\" aria-hidden=\"true\"><\/i><i class=\"fa-fusion-box inactive-icon awb-icon-plus\" aria-hidden=\"true\"><\/i><\/span><span class=\"fusion-toggle-heading\">Septiembre 2024<\/span><\/a><\/h4><\/div><div id=\"acf5b95766c007578\" class=\"panel-collapse collapse \" aria-labelledby=\"toggle_acf5b95766c007578\"><div class=\"panel-body toggle-content fusion-clearfix\">\n<ul>\n<li><a href=\"https:\/\/cilfa.org.ar\/wp1\/wp-content\/uploads\/2024\/11\/Intercambio-comercial-de-medicamentos-Septiembre-2024.pdf\" target=\"_blank\" rel=\"noopener\">Intercambio comercial de medicamentos en Argentina (PDF)<\/a><\/li>\n<li><a href=\"https:\/\/cilfa.org.ar\/wp1\/wp-content\/uploads\/2024\/11\/Precios-de-medicamentos-Septiembre-2024.pdf\" target=\"_blank\" rel=\"noopener\">Comportamiento de los precios de los medicamentos (PDF)<\/a><\/li>\n<li><a href=\"https:\/\/cilfa.org.ar\/wp1\/wp-content\/uploads\/2024\/11\/Produccion-de-medicamentos-Septiembre-2024.pdf\" target=\"_blank\" rel=\"noopener\">An\u00e1lisis de la Producci\u00f3n Industrial de Productos Farmac\u00e9uticos (PDF)<\/a><\/li>\n<\/ul>\n<\/div><\/div><\/div><div class=\"fusion-panel panel-default panel-18143b2b06e9ae866 fusion-toggle-has-divider\" style=\"--awb-title-color:#595959;--awb-content-color:#747474;\"><div class=\"panel-heading\"><h4 class=\"panel-title toggle\" id=\"toggle_18143b2b06e9ae866\"><a aria-expanded=\"false\" aria-controls=\"18143b2b06e9ae866\" role=\"button\" data-toggle=\"collapse\" data-target=\"#18143b2b06e9ae866\" href=\"#18143b2b06e9ae866\"><span class=\"fusion-toggle-icon-wrapper\" aria-hidden=\"true\"><i class=\"fa-fusion-box active-icon awb-icon-minus\" aria-hidden=\"true\"><\/i><i class=\"fa-fusion-box inactive-icon awb-icon-plus\" aria-hidden=\"true\"><\/i><\/span><span class=\"fusion-toggle-heading\">Agosto 2024<\/span><\/a><\/h4><\/div><div id=\"18143b2b06e9ae866\" class=\"panel-collapse collapse \" aria-labelledby=\"toggle_18143b2b06e9ae866\"><div class=\"panel-body toggle-content fusion-clearfix\">\n<ul>\n<li><a href=\"https:\/\/cilfa.org.ar\/wp1\/wp-content\/uploads\/2024\/08\/Intercambio-comercial-de-medicamentos-Agosto-2024.pdf\" target=\"_blank\" rel=\"noopener\">Intercambio comercial de medicamentos en Argentina (PDF)<\/a><\/li>\n<li><a href=\"https:\/\/cilfa.org.ar\/wp1\/wp-content\/uploads\/2024\/08\/Precios-de-medicamentos-Agosto-2024.pdf\" target=\"_blank\" rel=\"noopener\">Comportamiento de los precios de los medicamentos (PDF)<\/a><\/li>\n<li><a href=\"https:\/\/cilfa.org.ar\/wp1\/wp-content\/uploads\/2024\/08\/Produccion-de-medicamentos-Agosto-2024.pdf\" target=\"_blank\" rel=\"noopener\">An\u00e1lisis de la Producci\u00f3n Industrial de Productos Farmac\u00e9uticos (PDF)<\/a><\/li>\n<\/ul>\n<\/div><\/div><\/div><div class=\"fusion-panel panel-default panel-c1d13d4b54abdf6a6 fusion-toggle-has-divider\" style=\"--awb-title-color:#595959;--awb-content-color:#747474;\"><div class=\"panel-heading\"><h4 class=\"panel-title toggle\" id=\"toggle_c1d13d4b54abdf6a6\"><a aria-expanded=\"false\" aria-controls=\"c1d13d4b54abdf6a6\" role=\"button\" data-toggle=\"collapse\" data-target=\"#c1d13d4b54abdf6a6\" href=\"#c1d13d4b54abdf6a6\"><span class=\"fusion-toggle-icon-wrapper\" aria-hidden=\"true\"><i class=\"fa-fusion-box active-icon awb-icon-minus\" aria-hidden=\"true\"><\/i><i class=\"fa-fusion-box inactive-icon awb-icon-plus\" aria-hidden=\"true\"><\/i><\/span><span class=\"fusion-toggle-heading\">Julio 2024<\/span><\/a><\/h4><\/div><div id=\"c1d13d4b54abdf6a6\" class=\"panel-collapse collapse \" aria-labelledby=\"toggle_c1d13d4b54abdf6a6\"><div class=\"panel-body toggle-content fusion-clearfix\">\n<ul>\n<li><a href=\"https:\/\/cilfa.org.ar\/wp1\/wp-content\/uploads\/2024\/07\/Intercambio-comercial-de-medicamentos-Julio-2024.pdf\" target=\"_blank\" rel=\"noopener\">Intercambio comercial de medicamentos en Argentina (PDF)<\/a><\/li>\n<li><a href=\"https:\/\/cilfa.org.ar\/wp1\/wp-content\/uploads\/2024\/07\/Precios-de-medicamentos-Julio-2024.pdf\" target=\"_blank\" rel=\"noopener\">Comportamiento de los precios de los medicamentos (PDF)<\/a><\/li>\n<li><a href=\"https:\/\/cilfa.org.ar\/wp1\/wp-content\/uploads\/2024\/07\/Produccion-de-medicamentos-Julio-2024.pdf\" target=\"_blank\" rel=\"noopener\">An\u00e1lisis de la Producci\u00f3n Industrial de Productos Farmac\u00e9uticos (PDF)<\/a><\/li>\n<\/ul>\n<\/div><\/div><\/div><div class=\"fusion-panel panel-default panel-d877d29f1654679c8 fusion-toggle-has-divider\" style=\"--awb-title-color:#595959;--awb-content-color:#747474;\"><div class=\"panel-heading\"><h4 class=\"panel-title toggle\" id=\"toggle_d877d29f1654679c8\"><a aria-expanded=\"false\" aria-controls=\"d877d29f1654679c8\" role=\"button\" data-toggle=\"collapse\" data-target=\"#d877d29f1654679c8\" href=\"#d877d29f1654679c8\"><span class=\"fusion-toggle-icon-wrapper\" aria-hidden=\"true\"><i class=\"fa-fusion-box active-icon awb-icon-minus\" aria-hidden=\"true\"><\/i><i class=\"fa-fusion-box inactive-icon awb-icon-plus\" aria-hidden=\"true\"><\/i><\/span><span class=\"fusion-toggle-heading\">Junio 2024<\/span><\/a><\/h4><\/div><div id=\"d877d29f1654679c8\" class=\"panel-collapse collapse \" aria-labelledby=\"toggle_d877d29f1654679c8\"><div class=\"panel-body toggle-content fusion-clearfix\">\n<ul>\n<li><a href=\"https:\/\/cilfa.org.ar\/wp1\/wp-content\/uploads\/2024\/08\/Intercambio-comercial-de-medicamentos-Junio-2024.pdf\" target=\"_blank\" rel=\"noopener\">Intercambio comercial de medicamentos en Argentina (PDF)<\/a><\/li>\n<li><a href=\"https:\/\/cilfa.org.ar\/wp1\/wp-content\/uploads\/2024\/08\/Precios-de-medicamentos-Junio-2024.pdf\" target=\"_blank\" rel=\"noopener\">Comportamiento de los precios de los medicamentos (PDF)<\/a><\/li>\n<li><a href=\"https:\/\/cilfa.org.ar\/wp1\/wp-content\/uploads\/2024\/08\/Produccion-de-medicamentos-Junio-2024.pdf\" target=\"_blank\" rel=\"noopener\">An\u00e1lisis de la Producci\u00f3n Industrial de Productos Farmac\u00e9uticos (PDF)<\/a><\/li>\n<\/ul>\n<\/div><\/div><\/div><\/div><\/div><div class=\"fusion-clearfix\"><\/div><\/div><\/div><\/div><\/div><\/p>\n","protected":false},"excerpt":{"rendered":"","protected":false},"author":2,"featured_media":0,"parent":0,"menu_order":0,"comment_status":"closed","ping_status":"closed","template":"100-width.php","meta":{"footnotes":""},"class_list":["post-1837","page","type-page","status-publish","hentry"],"_links":{"self":[{"href":"https:\/\/cilfa.org.ar\/wp1\/wp-json\/wp\/v2\/pages\/1837","targetHints":{"allow":["GET"]}}],"collection":[{"href":"https:\/\/cilfa.org.ar\/wp1\/wp-json\/wp\/v2\/pages"}],"about":[{"href":"https:\/\/cilfa.org.ar\/wp1\/wp-json\/wp\/v2\/types\/page"}],"author":[{"embeddable":true,"href":"https:\/\/cilfa.org.ar\/wp1\/wp-json\/wp\/v2\/users\/2"}],"replies":[{"embeddable":true,"href":"https:\/\/cilfa.org.ar\/wp1\/wp-json\/wp\/v2\/comments?post=1837"}],"version-history":[{"count":0,"href":"https:\/\/cilfa.org.ar\/wp1\/wp-json\/wp\/v2\/pages\/1837\/revisions"}],"wp:attachment":[{"href":"https:\/\/cilfa.org.ar\/wp1\/wp-json\/wp\/v2\/media?parent=1837"}],"curies":[{"name":"wp","href":"https:\/\/api.w.org\/{rel}","templated":true}]}}