{"id":1194,"date":"2019-07-05T20:44:49","date_gmt":"2019-07-05T20:44:49","guid":{"rendered":"http:\/\/cilfa.org.ar\/wp1\/?page_id=1194"},"modified":"2019-07-10T13:12:06","modified_gmt":"2019-07-10T13:12:06","slug":"comunicado-de-prensa","status":"publish","type":"page","link":"https:\/\/cilfa.org.ar\/wp1\/comunicado-de-prensa\/","title":{"rendered":"Comunicado de Prensa, 8 de Julio  de 2019"},"content":{"rendered":"<div class=\"fusion-fullwidth fullwidth-box fusion-builder-row-1 nonhundred-percent-fullwidth non-hundred-percent-height-scrolling\" style=\"--awb-border-radius-top-left:0px;--awb-border-radius-top-right:0px;--awb-border-radius-bottom-right:0px;--awb-border-radius-bottom-left:0px;--awb-margin-top:40px;--awb-flex-wrap:wrap;\" ><div class=\"fusion-builder-row fusion-row\"><div class=\"fusion-layout-column fusion_builder_column fusion-builder-column-0 fusion_builder_column_1_1 1_1 fusion-one-full fusion-column-first fusion-column-last\" style=\"--awb-bg-size:cover;\"><div class=\"fusion-column-wrapper fusion-flex-column-wrapper-legacy\"><div class=\"fusion-text fusion-text-1\"><p>Ante las numerosas falacias, falsedades y acusaciones infundadas dirigidas a la industria farmac\u00e9utica nacional por el periodista Carlos Pagni el lunes 1\u00ba de julio, por el canal televisivo La Naci\u00f3n + y transcriptas en el sitio web de lanacion.com, sin que haya mediado una consulta previa al respecto del periodista, la C\u00e1mara Industrial de Laboratorios Farmac\u00e9uticos Argentinos (CILFA), se ve obligada a manifestar lo siguiente:<\/p>\n<p>\u2022 <strong>Refiri\u00e9ndose al reciente pre-acuerdo MERCOSUR-UE, es falsa y sin fundamento su afirmaci\u00f3n de que \u201cel principal motor de resistencia a este tipo de acuerdos es el sector farmac\u00e9utico\u201c.<\/strong><br \/>\nM\u00e1s all\u00e1 de la libertad que debe tener cualquier sector empresarial para emitir su opini\u00f3n sobre cuestiones vinculadas a negociaciones comerciales que lo puedan llegar a afectar y en el ejercicio de su responsabilidad institucional CILFA transmiti\u00f3 a las autoridades la relevancia de esta industria y el perjuicio para los intereses nacionales que causar\u00eda la aceptaci\u00f3n de las demandas europeas en materia de pr\u00f3rroga del plazo de vigencia de las patentes y de la confidencialidad de datos de prueba. En todas las instancias CILFA siempre apoy\u00f3 la b\u00fasqueda de un acuerdo equilibrado y mutuamente beneficioso para las partes.<\/p>\n<p>\u2022 <strong>Es falaz y direccionada a desprestigiar a la industria farmac\u00e9utica nacional su afirmaci\u00f3n en el sentido que \u201clos laboratorios argentinos podr\u00e1n producir medicamentos accediendo, sin pagar nada, a las pruebas m\u00e9dicas en las que se basan\u201d. <\/strong><br \/>\nAl respecto es fundamental entender que la compensaci\u00f3n por los ensayos cl\u00ednicos requeridos que deben realizar los laboratorios para registrar y poder comercializar los medicamentos innovadores, surgir\u00e1 de la capacidad de aplicar precios monop\u00f3licos que el Estado le reconoce a trav\u00e9s del otorgamiento de las patentes. En general todas las legislaciones en materia de patentes establecen que al concluir la duraci\u00f3n de las mismas, los ensayos cl\u00ednicos en los que se basan deben quedar en el dominio p\u00fablico para beneficio de los consumidores y la sociedad toda. En \u00faltima instancia, ser\u00e1n los consumidores los que paguen por ellas a trav\u00e9s de los mayores precios monop\u00f3licos de los titulares de patentes.<\/p>\n<p>\u2022 <strong>Es una falacia direccionada a desprestigiar a la industria farmac\u00e9utica nacional su afirmaci\u00f3n en el sentido que \u201clos laboratorios nacionales podr\u00e1n seguir produciendo medicamentos sin pagar por las investigaciones que llevaron a la invenci\u00f3n de esos medicamentos sin pagar la propiedad intelectual\u201d. <\/strong><br \/>\nAl igual que en el punto anterior, debe entenderse que una patente en esencia es un contrato entre el inventor por una parte y el Estado que otorga la patente por el otro, por el cual y como compensaci\u00f3n por sus esfuerzos, el Estado le otorga de modo temporario un monopolio para la comercializaci\u00f3n exclusiva de su invenci\u00f3n, a cambio de que al terminar ese per\u00edodo temporario, otros laboratorios puedan llevar r\u00e1pidamente al mercado los productos gen\u00e9ricos de marca para que los mismos est\u00e9n al alcance de toda la poblaci\u00f3n a precios accesibles. En otras palabras, insinuar que una empresa debiera pagar por la investigaci\u00f3n y desarrollo de algo que est\u00e1 en el dominio p\u00fablico, es decir con el per\u00edodo de su patente vencida, es claramente un desprop\u00f3sito jur\u00eddico.<\/p>\n<p>\u2022 <strong>Es una falacia direccionada a desprestigiar a la industria farmac\u00e9utica nacional su afirmaci\u00f3n en el sentido que \u201clos laboratorios nacionales podr\u00e1n seguir produciendo medicamentos sin pagar por las investigaciones que llevaron a la invenci\u00f3n de esos medicamentos sin pagar la propiedad intelectual\u201d.<\/strong><br \/>\nAl igual que en el punto anterior, debe entenderse que una patente en esencia es un contrato entre el inventor por una parte y el Estado que otorga la patente por el otro, por el cual y como compensaci\u00f3n por sus esfuerzos, el Estado le otorga de modo temporario un monopolio para la comercializaci\u00f3n exclusiva de su invenci\u00f3n, a cambio de que al terminar ese per\u00edodo temporario, otros laboratorios puedan llevar r\u00e1pidamente al mercado los productos gen\u00e9ricos de marca para que los mismos est\u00e9n al alcance de toda la poblaci\u00f3n a precios accesibles. En otras palabras, insinuar que una empresa debiera pagar por la investigaci\u00f3n y desarrollo de algo que est\u00e1 en el dominio p\u00fablico, es decir con el per\u00edodo de su patente vencida, es claramente un desprop\u00f3sito jur\u00eddico.<\/p>\n<p>\u2022 <strong>Es falaz su referencia que \u201cel PAMI que regula como actor del mercado el 40% de los medicamentos vendidos y fija el precio de los medicamentos \u2013estamos hablando de consumo de remedios-, compraba los medicamentos sin licitaci\u00f3n\u201d.<\/strong><br \/>\nAl respecto, la opini\u00f3n p\u00fablica debe saber que los contratos PAMI-Industria no constituyen una mera compraventa de medicamentos, sino la contrataci\u00f3n por parte del PAMI de un sistema de abastecimiento integral de medicamentos de operaci\u00f3n altamente compleja y cuya administraci\u00f3n asegura la log\u00edstica, distribuci\u00f3n y capilaridad en todas las farmacias del pa\u00eds, de La Quiaca a Tierra del Fuego, todos los d\u00edas del a\u00f1o, a precios uniformes.<\/p>\n<p>\u2022 <strong>Es falsa y sin fundamentos la acusaci\u00f3n de que \u201cse compraba los medicamentos a una c\u00e1mara cartelizada de laboratorios en general argentinos\u201d.<\/strong><br \/>\nLos laboratorios argentinos siempre han competido libremente en el pa\u00eds y en el exterior con laboratorios extranjeros de mayor tama\u00f1o y escala. La introducci\u00f3n de un sistema de licitaciones que el columnista atribuye a la presente gesti\u00f3n, se aplica \u00fanicamente a medicamentos de alto costo que son principalmente abastecidos por los laboratorios farmac\u00e9uticos extranjeros. Los ahorros obtenidos a que hace referencia fueron consecuencia de menores precios ofertados por laboratorios extranjeros, siendo el ejemplo paradigm\u00e1tico la importante reducci\u00f3n de precios de uno de tales laboratorios extranjeros de su producto para la hemofilia.<\/p>\n<p>\u2022 <strong>Es falsa y carece de todo fundamento la aseveraci\u00f3n de que \u201cla industria farmac\u00e9utica argentina est\u00e1 detr\u00e1s de los negocios protegidos por el Estado que le garantice un mercado para no competir\u201d. <\/strong><br \/>\nAl respecto parece claro que se trata de una falacia propalada por el columnista dirigida a desprestigiar a la industria farmac\u00e9utica nacional, industria que es competitiva nacional e internacionalmente, abastecedora de medicamentos de calidad al pa\u00eds y al mundo, financiadora de la seguridad social, empleadora en gran escala de los mejores y m\u00e1s calificados recursos humanos, uno de los mayores sectores contribuyentes del pa\u00eds y que garantiza la transparencia de la distribuci\u00f3n comercial mayorista y minorista de medicamentos.<br \/>\nLa industria farmac\u00e9utica argentina es una de las pocas industrias con capacidad competitiva para realizar importantes exportaciones a\u00fan en dif\u00edciles condiciones como las presentes. Las mismas van a los cinco continentes y se trata de productos de alto valor agregado reflejados en un precio promedio por tonelada de U$S 30.000. La industria farmac\u00e9utica en la Argentina no recibe ning\u00fan tratamiento promocional especial de naturaleza comercial, impositiva, crediticia o que favorezca las inversiones.<\/p>\n<p>A nuestro entender, las manifestaciones anteriores dan lugar a la sospecha de que, al abordar esta cuesti\u00f3n, el Sr. Carlos Pagni pueda tener una agenda oculta, ya que no es usual que sus columnas acumulen tantas imprecisiones, falsedades y acusaciones infundadas como en este caso. Lo anterior se ve reforzado si se tiene en cuenta que el Sr. Pagni nunca tom\u00f3 contacto con esta c\u00e1mara para consultar la veracidad de sus apreciaciones, como es de pr\u00e1ctica period\u00edstica rigurosa.<\/p>\n<p>As\u00ed en lugar de haber iluminado a su audiencia con argumentos esclarecedores de realidades complejas, parece m\u00e1s bien haber actuado como vocero de intereses ocultos.<\/p>\n<p>Cabe entonces la pregunta de qui\u00e9n o qui\u00e9nes podr\u00edan estar detr\u00e1s de sus afirmaciones. En otras palabras, quien se beneficiar\u00eda con el desprestigio y el debilitamiento de la industria farmac\u00e9utica Argentina.<\/p>\n<p>BUENOS AIRES, 8 DE JULIO DE 2019<\/p>\n<p><div class=\"fusion-fa-align-left\"><i class=\"fb-icon-element-1 fb-icon-element fontawesome-icon fa fa-cloud-download circle-yes\" style=\"--awb-circlecolor:#4fc3f7;--awb-circlecolor-hover:#4fc3f7;--awb-circlebordercolor:#4fc3f7;--awb-circlebordercolor-hover:#4fc3f7;--awb-circlebordersize:1px;--awb-font-size:14.08px;--awb-width:28.16px;--awb-height:28.16px;--awb-line-height:26.16px;--awb-margin-right:10px;\"><\/i><\/div>\n<a href=\"..\/wp-content\/uploads\/2019\/07\/CILFA-comunicado-de-prensa.pdf\" target=\"_blank\" rel=\"noopener\">DESCARGAR EL COMUNICADO \/ PDF<\/a><\/p>\n<\/div><div class=\"fusion-clearfix\"><\/div><\/div><\/div><\/div><\/div>\n","protected":false},"excerpt":{"rendered":"","protected":false},"author":2,"featured_media":0,"parent":0,"menu_order":0,"comment_status":"closed","ping_status":"closed","template":"100-width.php","meta":{"footnotes":""},"class_list":["post-1194","page","type-page","status-publish","hentry"],"_links":{"self":[{"href":"https:\/\/cilfa.org.ar\/wp1\/wp-json\/wp\/v2\/pages\/1194","targetHints":{"allow":["GET"]}}],"collection":[{"href":"https:\/\/cilfa.org.ar\/wp1\/wp-json\/wp\/v2\/pages"}],"about":[{"href":"https:\/\/cilfa.org.ar\/wp1\/wp-json\/wp\/v2\/types\/page"}],"author":[{"embeddable":true,"href":"https:\/\/cilfa.org.ar\/wp1\/wp-json\/wp\/v2\/users\/2"}],"replies":[{"embeddable":true,"href":"https:\/\/cilfa.org.ar\/wp1\/wp-json\/wp\/v2\/comments?post=1194"}],"version-history":[{"count":0,"href":"https:\/\/cilfa.org.ar\/wp1\/wp-json\/wp\/v2\/pages\/1194\/revisions"}],"wp:attachment":[{"href":"https:\/\/cilfa.org.ar\/wp1\/wp-json\/wp\/v2\/media?parent=1194"}],"curies":[{"name":"wp","href":"https:\/\/api.w.org\/{rel}","templated":true}]}}